{"id":201,"date":"2017-05-17T14:22:57","date_gmt":"2017-05-17T12:22:57","guid":{"rendered":"http:\/\/www.amann-metallbau.de\/Metallbau\/home-copy\/"},"modified":"2019-11-04T11:14:05","modified_gmt":"2019-11-04T10:14:05","slug":"leistungen-wintergaerten","status":"publish","type":"page","link":"https:\/\/www.amann-metallbau.de\/Metallbau\/leistungen-wintergaerten\/","title":{"rendered":"Leistungen &#8211; Winterg\u00e4rten"},"content":{"rendered":"<!--themify_builder_content-->\n<div id=\"themify_builder_content-201\" data-postid=\"201\" class=\"themify_builder_content themify_builder_content-201 themify_builder tf_clear\">\n                    <div  data-css_id=\"h4lx611\" data-lazy=\"1\" class=\"module_row themify_builder_row fullwidth tb_h4lx611 tb_first tf_w wow\" data-tf-animation=\"fadeIn\">\n                        <div class=\"row_inner col_align_top tb_col_count_1 tf_box tf_rel\">\n                        <div  data-lazy=\"1\" class=\"module_column tb-column col-full tb_39pt666 first\">\n                    <!-- module image -->\n<div  class=\"module module-image tb_0zjz161 image-top   auto_fullwidth tf_mw\" data-lazy=\"1\">\n        <div class=\"image-wrap tf_rel tf_mw\">\n            <img loading=\"lazy\" decoding=\"async\" src=\"\/Metallbau\/wp-content\/uploads\/2017\/05\/header_wintergarten-1024x350.jpg\" width=\"1024\" height=\"350\" title=\"Leistungen &#8211; Winterg\u00e4rten\" alt=\"Leistungen &#8211; Winterg\u00e4rten\">    \n        <\/div>\n    <!-- \/image-wrap -->\n    \n        <\/div>\n<!-- \/module image -->        <\/div>\n                        <\/div>\n        <\/div>\n                        <div  data-lazy=\"1\" class=\"module_row themify_builder_row our-services tb_d185617 tf_w\">\n                        <div class=\"row_inner col_align_top tb_col_count_1 tf_box tf_rel\">\n                        <div  data-lazy=\"1\" class=\"module_column tb-column col-full tb_xwx4101 first\">\n                    <!-- module text -->\n<div  class=\"module module-text tb_uq6o160    wow\" data-tf-animation=\"fadeInUp\" data-lazy=\"1\">\n        <div  class=\"tb_text_wrap\">\n        <h2>Winterg\u00e4rten<\/h2>    <\/div>\n<\/div>\n<!-- \/module text -->        <div  data-lazy=\"1\" class=\"module_subrow themify_builder_sub_row tf_w col_align_top tb_col_count_3 tb_848y911\">\n                <div  data-lazy=\"1\" class=\"module_column sub_column col3-1 tb_b2tf006 first\">\n                    <!-- module image -->\n<div  class=\"module module-image tb_ixv6665 image-top   tf_mw\" data-lazy=\"1\">\n        <div class=\"image-wrap tf_rel tf_mw\">\n            <img decoding=\"async\" src=\"\/Metallbau\/wp-content\/uploads\/2017\/05\/wintergarten1.jpg\" title=\"Leistungen &#8211; Winterg\u00e4rten\" alt=\"Leistungen &#8211; Winterg\u00e4rten\">    \n        <\/div>\n    <!-- \/image-wrap -->\n    \n        <\/div>\n<!-- \/module image --><!-- module image -->\n<div  class=\"module module-image tb_1iim111 image-top   tf_mw\" data-lazy=\"1\">\n        <div class=\"image-wrap tf_rel tf_mw\">\n            <img decoding=\"async\" src=\"\/Metallbau\/wp-content\/uploads\/2017\/05\/A9R1l4zdap_52d1g1_a14.png\" title=\"Leistungen &#8211; Winterg\u00e4rten\" alt=\"Leistungen &#8211; Winterg\u00e4rten\">    \n        <\/div>\n    <!-- \/image-wrap -->\n    \n        <\/div>\n<!-- \/module image -->        <\/div>\n                    <div  data-lazy=\"1\" class=\"module_column sub_column col3-1 tb_eryd660\">\n                    <!-- module image -->\n<div  class=\"module module-image tb_65g8116 image-top   tf_mw\" data-lazy=\"1\">\n        <div class=\"image-wrap tf_rel tf_mw\">\n            <img decoding=\"async\" src=\"\/Metallbau\/wp-content\/uploads\/2017\/05\/wintergarten2.jpg\" title=\"Leistungen &#8211; Winterg\u00e4rten\" alt=\"Leistungen &#8211; Winterg\u00e4rten\">    \n        <\/div>\n    <!-- \/image-wrap -->\n    \n        <\/div>\n<!-- \/module image --><!-- module image -->\n<div  class=\"module module-image tb_giep066 image-top   tf_mw\" data-lazy=\"1\">\n        <div class=\"image-wrap tf_rel tf_mw\">\n            <img decoding=\"async\" src=\"\/Metallbau\/wp-content\/uploads\/2017\/05\/A9Rd885ut_52d1g3_a14.png\" title=\"Leistungen &#8211; Winterg\u00e4rten\" alt=\"Leistungen &#8211; Winterg\u00e4rten\">    \n        <\/div>\n    <!-- \/image-wrap -->\n    \n        <\/div>\n<!-- \/module image -->        <\/div>\n                    <div  data-lazy=\"1\" class=\"module_column sub_column col3-1 tb_f9c7166 last\">\n                    <!-- module image -->\n<div  class=\"module module-image tb_6q9b061 image-top   auto_fullwidth tf_mw\" data-lazy=\"1\">\n        <div class=\"image-wrap tf_rel tf_mw\">\n            <img loading=\"lazy\" decoding=\"async\" src=\"\/Metallbau\/wp-content\/uploads\/2017\/06\/wintergarten_5a-3-732x1024.png\" width=\"732\" height=\"1024\" title=\"Leistungen &#8211; Winterg\u00e4rten\" alt=\"Leistungen &#8211; Winterg\u00e4rten\">    \n        <\/div>\n    <!-- \/image-wrap -->\n    \n        <\/div>\n<!-- \/module image -->        <\/div>\n                    <\/div>\n                <div  data-lazy=\"1\" class=\"module_subrow themify_builder_sub_row tf_w col_align_top tb_col_count_2 tb_lk6h161\">\n                <div  data-lazy=\"1\" class=\"module_column sub_column col3-1 tb_42ja622 first\">\n                    <!-- module image -->\n<div  class=\"module module-image tb_6e2b600 image-top   tf_mw\" data-lazy=\"1\">\n        <div class=\"image-wrap tf_rel tf_mw\">\n            <img loading=\"lazy\" decoding=\"async\" src=\"\/Metallbau\/wp-content\/uploads\/2017\/06\/beratung-1-1024x899.png\" width=\"1024\" height=\"899\" title=\"Leistungen &#8211; Winterg\u00e4rten\" alt=\"Leistungen &#8211; Winterg\u00e4rten\">    \n        <\/div>\n    <!-- \/image-wrap -->\n    \n        <\/div>\n<!-- \/module image -->        <\/div>\n                    <div  data-lazy=\"1\" class=\"module_column sub_column col3-2 tb_lgih816 last\">\n                    <!-- module text -->\n<div  class=\"module module-text tb_w6n7161   \" data-lazy=\"1\">\n        <div  class=\"tb_text_wrap\">\n        <h3>Wir begleiten Sie w\u00e4hrend der kompletten Bauphase Ihres Wintergartens.<\/h3><p>Vereinbaren Sie einen Termin mit einem unserer Techniker, bei uns in der Firma oder vor Ort!<br \/>Danach erhalten Sie ein individuelles und detailliertes Angebot.<\/p><p>Entscheiden Sie sich f\u00fcr unser Angebot, beginnt f\u00fcr uns <strong>die Planungsphase<\/strong> in unserem Technischen B\u00fcro. <br \/>Es entstehen nach Aufma\u00df vor Ort alle notwendigen Pl\u00e4ne und Zeichnungen, die vor Produktionsbeginn von Ihnen begutachtet und genehmigt werden.<\/p>    <\/div>\n<\/div>\n<!-- \/module text -->        <\/div>\n                    <\/div>\n                <div  data-lazy=\"1\" class=\"module_subrow themify_builder_sub_row tf_w col_align_top tb_col_count_3 tb_nnlh161\">\n                <div  data-lazy=\"1\" class=\"module_column sub_column col3-1 tb_g8zc626 first\">\n                    <!-- module image -->\n<div  class=\"module module-image tb_gndr769 image-top   tf_mw\" data-lazy=\"1\">\n        <div class=\"image-wrap tf_rel tf_mw\">\n            <img loading=\"lazy\" decoding=\"async\" src=\"\/Metallbau\/wp-content\/uploads\/2017\/05\/Amann_Metallbau-1024x668.jpg\" width=\"1024\" height=\"668\" title=\"Leistungen &#8211; Winterg\u00e4rten\" alt=\"Leistungen &#8211; Winterg\u00e4rten\">    \n        <\/div>\n    <!-- \/image-wrap -->\n    \n        <\/div>\n<!-- \/module image -->        <\/div>\n                    <div  data-lazy=\"1\" class=\"module_column sub_column col3-1 tb_iu84260\">\n                    <!-- module text -->\n<div  class=\"module module-text tb_yw7c016   \" data-lazy=\"1\">\n        <div  class=\"tb_text_wrap\">\n        <h3>Die Produktion<\/h3><p>Anhand der gefertigten Pl\u00e4ne kann die Produktion der einzelnen Bauteile\u00a0in unserer Werkshalle durchgef\u00fchrt werden.<\/p>    <\/div>\n<\/div>\n<!-- \/module text -->        <\/div>\n                    <div  data-lazy=\"1\" class=\"module_column sub_column col3-1 tb_f3sl012 last\">\n                    <!-- module image -->\n<div  class=\"module module-image tb_5zrb699 image-top   tf_mw\" data-lazy=\"1\">\n        <div class=\"image-wrap tf_rel tf_mw\">\n            <img loading=\"lazy\" decoding=\"async\" src=\"\/Metallbau\/wp-content\/uploads\/2017\/05\/montage-1024x662.png\" width=\"1024\" height=\"662\" title=\"Leistungen &#8211; Winterg\u00e4rten\" alt=\"Leistungen &#8211; Winterg\u00e4rten\">    \n        <\/div>\n    <!-- \/image-wrap -->\n    \n        <\/div>\n<!-- \/module image -->        <\/div>\n                    <\/div>\n                <div  data-lazy=\"1\" class=\"module_subrow themify_builder_sub_row tf_w col_align_top tb_col_count_2 tb_x7i5014\">\n                <div  data-lazy=\"1\" class=\"module_column sub_column col3-1 tb_9ssy130 first\">\n                    <!-- module image -->\n<div  class=\"module module-image tb_ez9j111 image-top   tf_mw\" data-lazy=\"1\">\n        <div class=\"image-wrap tf_rel tf_mw\">\n            <img decoding=\"async\" src=\"\/Metallbau\/wp-content\/uploads\/2017\/06\/montage2.png\" title=\"Leistungen &#8211; Winterg\u00e4rten\" alt=\"Leistungen &#8211; Winterg\u00e4rten\">    \n        <\/div>\n    <!-- \/image-wrap -->\n    \n        <\/div>\n<!-- \/module image -->        <\/div>\n                    <div  data-lazy=\"1\" class=\"module_column sub_column col3-2 tb_lz8g331 last\">\n                    <!-- module text -->\n<div  class=\"module module-text tb_sb1f006   \" data-lazy=\"1\">\n        <div  class=\"tb_text_wrap\">\n        <h3>Die Montage<\/h3><p>Nach dem Transport auf die Baustelle kann die Montage vor Ort durch unser Montage-Team beginnen.<\/p><p>Oft m\u00fcssen wir uns aufgrund hoher Gewichte und bestimmter Gr\u00f6ssen bzw. Gewichten von Glaselementen moderner Montageger\u00e4te wie Glassauger und Liftger\u00e4te bedienen.<\/p><p><strong>Nach zumeist wenigen Tagen k\u00f6nnen wir die Montage abschliessen und Sie k\u00f6nnen Ihren Wintergarten geniessen.<\/strong><\/p>    <\/div>\n<\/div>\n<!-- \/module text -->        <\/div>\n                    <\/div>\n                <\/div>\n                        <\/div>\n        <\/div>\n        <\/div>\n<!--\/themify_builder_content-->","protected":false},"excerpt":{"rendered":"<p>Winterg\u00e4rten Wir begleiten Sie w\u00e4hrend der kompletten Bauphase Ihres Wintergartens. Vereinbaren Sie einen Termin mit einem unserer Techniker, bei uns in der Firma oder vor Ort!Danach erhalten Sie ein individuelles und detailliertes Angebot. Entscheiden Sie sich f\u00fcr unser Angebot, beginnt f\u00fcr uns die Planungsphase in unserem Technischen B\u00fcro. Es entstehen nach Aufma\u00df vor Ort alle [&hellip;]<\/p>\n","protected":false},"author":1,"featured_media":0,"parent":0,"menu_order":0,"comment_status":"closed","ping_status":"closed","template":"","meta":{"footnotes":""},"class_list":["post-201","page","type-page","status-publish","hentry","has-post-title","has-post-date","has-post-category","has-post-tag","has-post-comment","has-post-author",""],"yoast_head":"<!-- This site is optimized with the Yoast SEO plugin v27.3 - https:\/\/yoast.com\/product\/yoast-seo-wordpress\/ -->\n<title>Winterg\u00e4rten - Amann Metallbau in Sinzheim<\/title>\n<meta name=\"description\" content=\"Winterg\u00e4rten von Amann Metallbau, Ihr Partner bei der Planung, Produktion und Montage. Geniessen Sie ihren neuen Wintergarten.\" \/>\n<meta name=\"robots\" content=\"index, follow, max-snippet:-1, max-image-preview:large, max-video-preview:-1\" \/>\n<link rel=\"canonical\" href=\"https:\/\/www.amann-metallbau.de\/Metallbau\/leistungen-wintergaerten\/\" \/>\n<meta property=\"og:locale\" content=\"de_DE\" \/>\n<meta property=\"og:type\" content=\"article\" \/>\n<meta property=\"og:title\" content=\"Winterg\u00e4rten - Amann Metallbau in Sinzheim\" \/>\n<meta property=\"og:description\" content=\"Winterg\u00e4rten von Amann Metallbau, Ihr Partner bei der Planung, Produktion und Montage. Geniessen Sie ihren neuen Wintergarten.\" \/>\n<meta property=\"og:url\" content=\"https:\/\/www.amann-metallbau.de\/Metallbau\/leistungen-wintergaerten\/\" \/>\n<meta property=\"og:site_name\" content=\"Amann Metallbau\" \/>\n<meta property=\"article:modified_time\" content=\"2019-11-04T10:14:05+00:00\" \/>\n<meta property=\"og:image\" content=\"https:\/\/www.amann-metallbau.de\/Metallbau\/wp-content\/uploads\/2017\/05\/header_wintergarten-1024x350.jpg\" \/>\n<meta name=\"twitter:card\" content=\"summary_large_image\" \/>\n<meta name=\"twitter:label1\" content=\"Gesch\u00e4tzte Lesezeit\" \/>\n\t<meta name=\"twitter:data1\" content=\"1\u00a0Minute\" \/>\n<script type=\"application\/ld+json\" class=\"yoast-schema-graph\">{\"@context\":\"https:\\\/\\\/schema.org\",\"@graph\":[{\"@type\":\"WebPage\",\"@id\":\"https:\\\/\\\/www.amann-metallbau.de\\\/Metallbau\\\/leistungen-wintergaerten\\\/\",\"url\":\"https:\\\/\\\/www.amann-metallbau.de\\\/Metallbau\\\/leistungen-wintergaerten\\\/\",\"name\":\"Winterg\u00e4rten - Amann Metallbau in Sinzheim\",\"isPartOf\":{\"@id\":\"https:\\\/\\\/www.amann-metallbau.de\\\/Metallbau\\\/#website\"},\"datePublished\":\"2017-05-17T12:22:57+00:00\",\"dateModified\":\"2019-11-04T10:14:05+00:00\",\"description\":\"Winterg\u00e4rten von Amann Metallbau, Ihr Partner bei der Planung, Produktion und Montage. Geniessen Sie ihren neuen Wintergarten.\",\"breadcrumb\":{\"@id\":\"https:\\\/\\\/www.amann-metallbau.de\\\/Metallbau\\\/leistungen-wintergaerten\\\/#breadcrumb\"},\"inLanguage\":\"de\",\"potentialAction\":[{\"@type\":\"ReadAction\",\"target\":[\"https:\\\/\\\/www.amann-metallbau.de\\\/Metallbau\\\/leistungen-wintergaerten\\\/\"]}]},{\"@type\":\"BreadcrumbList\",\"@id\":\"https:\\\/\\\/www.amann-metallbau.de\\\/Metallbau\\\/leistungen-wintergaerten\\\/#breadcrumb\",\"itemListElement\":[{\"@type\":\"ListItem\",\"position\":1,\"name\":\"Startseite\",\"item\":\"https:\\\/\\\/www.amann-metallbau.de\\\/Metallbau\\\/\"},{\"@type\":\"ListItem\",\"position\":2,\"name\":\"Leistungen &#8211; Winterg\u00e4rten\"}]},{\"@type\":\"WebSite\",\"@id\":\"https:\\\/\\\/www.amann-metallbau.de\\\/Metallbau\\\/#website\",\"url\":\"https:\\\/\\\/www.amann-metallbau.de\\\/Metallbau\\\/\",\"name\":\"Amann Metallbau\",\"description\":\"Winterg\u00e4rten - Fenster, T\u00fcren &amp; Fassaden\",\"publisher\":{\"@id\":\"https:\\\/\\\/www.amann-metallbau.de\\\/Metallbau\\\/#organization\"},\"potentialAction\":[{\"@type\":\"SearchAction\",\"target\":{\"@type\":\"EntryPoint\",\"urlTemplate\":\"https:\\\/\\\/www.amann-metallbau.de\\\/Metallbau\\\/?s={search_term_string}\"},\"query-input\":{\"@type\":\"PropertyValueSpecification\",\"valueRequired\":true,\"valueName\":\"search_term_string\"}}],\"inLanguage\":\"de\"},{\"@type\":\"Organization\",\"@id\":\"https:\\\/\\\/www.amann-metallbau.de\\\/Metallbau\\\/#organization\",\"name\":\"Amann Metallbau Sinzheim\",\"url\":\"https:\\\/\\\/www.amann-metallbau.de\\\/Metallbau\\\/\",\"logo\":{\"@type\":\"ImageObject\",\"inLanguage\":\"de\",\"@id\":\"https:\\\/\\\/www.amann-metallbau.de\\\/Metallbau\\\/#\\\/schema\\\/logo\\\/image\\\/\",\"url\":\"https:\\\/\\\/www.amann-metallbau.de\\\/Metallbau\\\/wp-content\\\/uploads\\\/2017\\\/05\\\/logo.gif\",\"contentUrl\":\"https:\\\/\\\/www.amann-metallbau.de\\\/Metallbau\\\/wp-content\\\/uploads\\\/2017\\\/05\\\/logo.gif\",\"width\":39,\"height\":41,\"caption\":\"Amann Metallbau Sinzheim\"},\"image\":{\"@id\":\"https:\\\/\\\/www.amann-metallbau.de\\\/Metallbau\\\/#\\\/schema\\\/logo\\\/image\\\/\"}}]}<\/script>\n<!-- \/ Yoast SEO plugin. -->","yoast_head_json":{"title":"Winterg\u00e4rten - Amann Metallbau in Sinzheim","description":"Winterg\u00e4rten von Amann Metallbau, Ihr Partner bei der Planung, Produktion und Montage. Geniessen Sie ihren neuen Wintergarten.","robots":{"index":"index","follow":"follow","max-snippet":"max-snippet:-1","max-image-preview":"max-image-preview:large","max-video-preview":"max-video-preview:-1"},"canonical":"https:\/\/www.amann-metallbau.de\/Metallbau\/leistungen-wintergaerten\/","og_locale":"de_DE","og_type":"article","og_title":"Winterg\u00e4rten - Amann Metallbau in Sinzheim","og_description":"Winterg\u00e4rten von Amann Metallbau, Ihr Partner bei der Planung, Produktion und Montage. Geniessen Sie ihren neuen Wintergarten.","og_url":"https:\/\/www.amann-metallbau.de\/Metallbau\/leistungen-wintergaerten\/","og_site_name":"Amann Metallbau","article_modified_time":"2019-11-04T10:14:05+00:00","og_image":[{"url":"https:\/\/www.amann-metallbau.de\/Metallbau\/wp-content\/uploads\/2017\/05\/header_wintergarten-1024x350.jpg","type":"","width":"","height":""}],"twitter_card":"summary_large_image","twitter_misc":{"Gesch\u00e4tzte Lesezeit":"1\u00a0Minute"},"schema":{"@context":"https:\/\/schema.org","@graph":[{"@type":"WebPage","@id":"https:\/\/www.amann-metallbau.de\/Metallbau\/leistungen-wintergaerten\/","url":"https:\/\/www.amann-metallbau.de\/Metallbau\/leistungen-wintergaerten\/","name":"Winterg\u00e4rten - Amann Metallbau in Sinzheim","isPartOf":{"@id":"https:\/\/www.amann-metallbau.de\/Metallbau\/#website"},"datePublished":"2017-05-17T12:22:57+00:00","dateModified":"2019-11-04T10:14:05+00:00","description":"Winterg\u00e4rten von Amann Metallbau, Ihr Partner bei der Planung, Produktion und Montage. Geniessen Sie ihren neuen Wintergarten.","breadcrumb":{"@id":"https:\/\/www.amann-metallbau.de\/Metallbau\/leistungen-wintergaerten\/#breadcrumb"},"inLanguage":"de","potentialAction":[{"@type":"ReadAction","target":["https:\/\/www.amann-metallbau.de\/Metallbau\/leistungen-wintergaerten\/"]}]},{"@type":"BreadcrumbList","@id":"https:\/\/www.amann-metallbau.de\/Metallbau\/leistungen-wintergaerten\/#breadcrumb","itemListElement":[{"@type":"ListItem","position":1,"name":"Startseite","item":"https:\/\/www.amann-metallbau.de\/Metallbau\/"},{"@type":"ListItem","position":2,"name":"Leistungen &#8211; Winterg\u00e4rten"}]},{"@type":"WebSite","@id":"https:\/\/www.amann-metallbau.de\/Metallbau\/#website","url":"https:\/\/www.amann-metallbau.de\/Metallbau\/","name":"Amann Metallbau","description":"Winterg\u00e4rten - Fenster, T\u00fcren &amp; Fassaden","publisher":{"@id":"https:\/\/www.amann-metallbau.de\/Metallbau\/#organization"},"potentialAction":[{"@type":"SearchAction","target":{"@type":"EntryPoint","urlTemplate":"https:\/\/www.amann-metallbau.de\/Metallbau\/?s={search_term_string}"},"query-input":{"@type":"PropertyValueSpecification","valueRequired":true,"valueName":"search_term_string"}}],"inLanguage":"de"},{"@type":"Organization","@id":"https:\/\/www.amann-metallbau.de\/Metallbau\/#organization","name":"Amann Metallbau Sinzheim","url":"https:\/\/www.amann-metallbau.de\/Metallbau\/","logo":{"@type":"ImageObject","inLanguage":"de","@id":"https:\/\/www.amann-metallbau.de\/Metallbau\/#\/schema\/logo\/image\/","url":"https:\/\/www.amann-metallbau.de\/Metallbau\/wp-content\/uploads\/2017\/05\/logo.gif","contentUrl":"https:\/\/www.amann-metallbau.de\/Metallbau\/wp-content\/uploads\/2017\/05\/logo.gif","width":39,"height":41,"caption":"Amann Metallbau Sinzheim"},"image":{"@id":"https:\/\/www.amann-metallbau.de\/Metallbau\/#\/schema\/logo\/image\/"}}]}},"builder_content":"<img src=\"\/Metallbau\/wp-content\/uploads\/2017\/05\/header_wintergarten-1024x350.jpg\" width=\"1024\" height=\"350\" title=\"Leistungen &#8211; Winterg\u00e4rten\" alt=\"Leistungen &#8211; Winterg\u00e4rten\">\n<h2>Winterg\u00e4rten<\/h2>\n<img src=\"\/Metallbau\/wp-content\/uploads\/2017\/05\/wintergarten1.jpg\" title=\"Leistungen &#8211; Winterg\u00e4rten\" alt=\"Leistungen &#8211; Winterg\u00e4rten\">\n<img src=\"\/Metallbau\/wp-content\/uploads\/2017\/05\/A9R1l4zdap_52d1g1_a14.png\" title=\"Leistungen &#8211; Winterg\u00e4rten\" alt=\"Leistungen &#8211; Winterg\u00e4rten\">\n<img src=\"\/Metallbau\/wp-content\/uploads\/2017\/05\/wintergarten2.jpg\" title=\"Leistungen &#8211; Winterg\u00e4rten\" alt=\"Leistungen &#8211; Winterg\u00e4rten\">\n<img src=\"\/Metallbau\/wp-content\/uploads\/2017\/05\/A9Rd885ut_52d1g3_a14.png\" title=\"Leistungen &#8211; Winterg\u00e4rten\" alt=\"Leistungen &#8211; Winterg\u00e4rten\">\n<img src=\"\/Metallbau\/wp-content\/uploads\/2017\/06\/wintergarten_5a-3-732x1024.png\" width=\"732\" height=\"1024\" title=\"Leistungen &#8211; Winterg\u00e4rten\" alt=\"Leistungen &#8211; Winterg\u00e4rten\">\n<img src=\"\/Metallbau\/wp-content\/uploads\/2017\/06\/beratung-1-1024x899.png\" width=\"1024\" height=\"899\" title=\"Leistungen &#8211; Winterg\u00e4rten\" alt=\"Leistungen &#8211; Winterg\u00e4rten\">\n<h3>Wir begleiten Sie w\u00e4hrend der kompletten Bauphase Ihres Wintergartens.<\/h3><p>Vereinbaren Sie einen Termin mit einem unserer Techniker, bei uns in der Firma oder vor Ort!<br \/>Danach erhalten Sie ein individuelles und detailliertes Angebot.<\/p><p>Entscheiden Sie sich f\u00fcr unser Angebot, beginnt f\u00fcr uns <strong>die Planungsphase<\/strong> in unserem Technischen B\u00fcro. <br \/>Es entstehen nach Aufma\u00df vor Ort alle notwendigen Pl\u00e4ne und Zeichnungen, die vor Produktionsbeginn von Ihnen begutachtet und genehmigt werden.<\/p>\n<img src=\"\/Metallbau\/wp-content\/uploads\/2017\/05\/Amann_Metallbau-1024x668.jpg\" width=\"1024\" height=\"668\" title=\"Leistungen &#8211; Winterg\u00e4rten\" alt=\"Leistungen &#8211; Winterg\u00e4rten\">\n<h3>Die Produktion<\/h3><p>Anhand der gefertigten Pl\u00e4ne kann die Produktion der einzelnen Bauteile\u00a0in unserer Werkshalle durchgef\u00fchrt werden.<\/p>\n<img src=\"\/Metallbau\/wp-content\/uploads\/2017\/05\/montage-1024x662.png\" width=\"1024\" height=\"662\" title=\"Leistungen &#8211; Winterg\u00e4rten\" alt=\"Leistungen &#8211; Winterg\u00e4rten\">\n<img src=\"\/Metallbau\/wp-content\/uploads\/2017\/06\/montage2.png\" title=\"Leistungen &#8211; Winterg\u00e4rten\" alt=\"Leistungen &#8211; Winterg\u00e4rten\">\n<h3>Die Montage<\/h3><p>Nach dem Transport auf die Baustelle kann die Montage vor Ort durch unser Montage-Team beginnen.<\/p><p>Oft m\u00fcssen wir uns aufgrund hoher Gewichte und bestimmter Gr\u00f6ssen bzw. Gewichten von Glaselementen moderner Montageger\u00e4te wie Glassauger und Liftger\u00e4te bedienen.<\/p><p><strong>Nach zumeist wenigen Tagen k\u00f6nnen wir die Montage abschliessen und Sie k\u00f6nnen Ihren Wintergarten geniessen.<\/strong><\/p>","_links":{"self":[{"href":"https:\/\/www.amann-metallbau.de\/Metallbau\/wp-json\/wp\/v2\/pages\/201","targetHints":{"allow":["GET"]}}],"collection":[{"href":"https:\/\/www.amann-metallbau.de\/Metallbau\/wp-json\/wp\/v2\/pages"}],"about":[{"href":"https:\/\/www.amann-metallbau.de\/Metallbau\/wp-json\/wp\/v2\/types\/page"}],"author":[{"embeddable":true,"href":"https:\/\/www.amann-metallbau.de\/Metallbau\/wp-json\/wp\/v2\/users\/1"}],"replies":[{"embeddable":true,"href":"https:\/\/www.amann-metallbau.de\/Metallbau\/wp-json\/wp\/v2\/comments?post=201"}],"version-history":[{"count":6,"href":"https:\/\/www.amann-metallbau.de\/Metallbau\/wp-json\/wp\/v2\/pages\/201\/revisions"}],"predecessor-version":[{"id":383,"href":"https:\/\/www.amann-metallbau.de\/Metallbau\/wp-json\/wp\/v2\/pages\/201\/revisions\/383"}],"wp:attachment":[{"href":"https:\/\/www.amann-metallbau.de\/Metallbau\/wp-json\/wp\/v2\/media?parent=201"}],"curies":[{"name":"wp","href":"https:\/\/api.w.org\/{rel}","templated":true}]}}