{"id":246,"date":"2017-05-22T12:49:55","date_gmt":"2017-05-22T10:49:55","guid":{"rendered":"http:\/\/www.amann-metallbau.de\/Metallbau\/leistungen-fenster-tueren-fassaden-copy\/"},"modified":"2024-03-01T15:37:24","modified_gmt":"2024-03-01T14:37:24","slug":"leistungen-terrassenueberdachungen","status":"publish","type":"page","link":"https:\/\/www.amann-metallbau.de\/Metallbau\/leistungen-terrassenueberdachungen\/","title":{"rendered":"Leistungen &#8211; Terrassen\u00fcberdachungen"},"content":{"rendered":"<!--themify_builder_content-->\n<div id=\"themify_builder_content-246\" data-postid=\"246\" class=\"themify_builder_content themify_builder_content-246 themify_builder tf_clear\">\n                    <div  data-css_id=\"8fkt049\" data-lazy=\"1\" class=\"module_row themify_builder_row fullwidth tb_8fkt049 tb_first tf_w wow\" data-tf-animation=\"fadeIn\">\n                        <div class=\"row_inner col_align_top tb_col_count_1 tf_box tf_rel\">\n                        <div  data-lazy=\"1\" class=\"module_column tb-column col-full tb_pu1g400 first\">\n                    <!-- module image -->\n<div  class=\"module module-image tb_0288750 image-top   auto_fullwidth tf_mw\" data-lazy=\"1\">\n        <div class=\"image-wrap tf_rel tf_mw\">\n            <img loading=\"lazy\" decoding=\"async\" width=\"1024\" height=\"350\" src=\"https:\/\/www.amann-metallbau.de\/Metallbau\/wp-content\/uploads\/2017\/05\/header_terrassenueberdachungen-1-1024x350.jpg\" class=\"wp-post-image wp-image-301\" title=\"header_terrassenueberdachungen 1\" alt=\"header_terrassenueberdachungen 1\" srcset=\"https:\/\/www.amann-metallbau.de\/Metallbau\/wp-content\/uploads\/2017\/05\/header_terrassenueberdachungen-1-1024x350.jpg 1024w, https:\/\/www.amann-metallbau.de\/Metallbau\/wp-content\/uploads\/2017\/05\/header_terrassenueberdachungen-1-300x102.jpg 300w, https:\/\/www.amann-metallbau.de\/Metallbau\/wp-content\/uploads\/2017\/05\/header_terrassenueberdachungen-1-768x262.jpg 768w, https:\/\/www.amann-metallbau.de\/Metallbau\/wp-content\/uploads\/2017\/05\/header_terrassenueberdachungen-1.jpg 2000w\" sizes=\"auto, (max-width: 1024px) 100vw, 1024px\" \/>    \n        <\/div>\n    <!-- \/image-wrap -->\n    \n        <\/div>\n<!-- \/module image -->        <\/div>\n                        <\/div>\n        <\/div>\n                        <div  data-lazy=\"1\" class=\"module_row themify_builder_row our-services tb_k4rg044 tf_w\">\n                        <div class=\"row_inner col_align_top tb_col_count_1 tf_box tf_rel\">\n                        <div  data-lazy=\"1\" class=\"module_column tb-column col-full tb_98w7904 first\">\n                    <!-- module text -->\n<div  class=\"module module-text tb_dnut046    wow\" data-tf-animation=\"fadeInUp\" data-lazy=\"1\">\n        <div  class=\"tb_text_wrap\">\n        <h2>Terrassen\u00fcberdachungen<\/h2>    <\/div>\n<\/div>\n<!-- \/module text --><!-- module text -->\n<div  class=\"module module-text tb_ocnf049  repeat \" data-lazy=\"1\">\n        <div  class=\"tb_text_wrap\">\n        <p><img loading=\"lazy\" decoding=\"async\" class=\"size-full wp-image-256 alignleft\" src=\"\/Metallbau\/wp-content\/uploads\/2017\/05\/logo_weinor.png\" alt=\"\" width=\"175\" height=\"100\" \/>In diesem Bereich arbeiten wir mit unserem Partner weinor eng zusammen. Hier k\u00f6nnen wir Ihnen alle Produktvarianten anbieten und begleiten Sie nat\u00fcrlich von der Planung bis zur Montage.<\/p>\n<h4><\/h4>\n<h4>Terrassendach Terrazza<\/h4>\n<p>Terrassenvergn\u00fcgen bis weit in den Herbst hinein \u2013 mit dem weinor Terrassendach Terrazza sind Sie bestens gesch\u00fctzt vor Wind und Wetter. Und auch Ihre Terrassenm\u00f6bel k\u00f6nnen unbeschadet drau\u00dfen bleiben. Das weinor Terrassendach \u00fcberzeugt durch eine elegante Konstruktion, formsch\u00f6nes Design und hohe Belastbarkeit. Mit seinen vielf\u00e4ltigen Ausf\u00fchrungen eignet es sich f\u00fcr unterschiedlichste H\u00e4usertypen und Anforderungen.<\/p>\n<p>Terrassend\u00e4cher von weinor \u00fcberzeugen nicht nur durch ein besonders elegantes Design wie aus einem Guss.<br \/>\nMit einer Vielzahl unterschiedlicher Ausf\u00fchrungen passen sie sich spielend auch an komplexe Bausituationen an.<\/p>\n    <\/div>\n<\/div>\n<!-- \/module text --><!-- module gallery -->\n<div  class=\"module gallery module-gallery tb_u385849 layout-grid  \" data-lazy=\"1\">\n    <div class=\"module-gallery-grid\" style=\"--gald:3;--galt:3;--galm:3\">\n            <dl class=\"gallery-item\">\n            <dt class=\"gallery-icon\">\n            <a data-title=\"\" title=\"\" href=\"https:\/\/www.amann-metallbau.de\/Metallbau\/wp-content\/uploads\/2017\/05\/terrassenueberdachungen1.jpg\" data-rel=\"tb_u385849\" class=\"themify_lightbox\"><img loading=\"lazy\" decoding=\"async\" width=\"876\" height=\"657\" src=\"https:\/\/www.amann-metallbau.de\/Metallbau\/wp-content\/uploads\/2017\/05\/terrassenueberdachungen1.jpg\" class=\"wp-post-image wp-image-250\" title=\"Terrassen\u00fcberdachungen\" alt=\"Terrassen\u00fcberdachungen\" srcset=\"https:\/\/www.amann-metallbau.de\/Metallbau\/wp-content\/uploads\/2017\/05\/terrassenueberdachungen1.jpg 876w, https:\/\/www.amann-metallbau.de\/Metallbau\/wp-content\/uploads\/2017\/05\/terrassenueberdachungen1-300x225.jpg 300w, https:\/\/www.amann-metallbau.de\/Metallbau\/wp-content\/uploads\/2017\/05\/terrassenueberdachungen1-768x576.jpg 768w\" sizes=\"auto, (max-width: 876px) 100vw, 876px\" \/><\/a>            <\/dt>\n                    <\/dl>\n            <dl class=\"gallery-item\">\n            <dt class=\"gallery-icon\">\n            <a data-title=\"\" title=\"\" href=\"https:\/\/www.amann-metallbau.de\/Metallbau\/wp-content\/uploads\/2017\/05\/terrassenueberdachungen2.jpg\" data-rel=\"tb_u385849\" class=\"themify_lightbox\"><img loading=\"lazy\" decoding=\"async\" width=\"876\" height=\"657\" src=\"https:\/\/www.amann-metallbau.de\/Metallbau\/wp-content\/uploads\/2017\/05\/terrassenueberdachungen2.jpg\" class=\"wp-post-image wp-image-251\" title=\"Terrassen\u00fcberdachungen\" alt=\"Terrassen\u00fcberdachungen\" srcset=\"https:\/\/www.amann-metallbau.de\/Metallbau\/wp-content\/uploads\/2017\/05\/terrassenueberdachungen2.jpg 876w, https:\/\/www.amann-metallbau.de\/Metallbau\/wp-content\/uploads\/2017\/05\/terrassenueberdachungen2-300x225.jpg 300w, https:\/\/www.amann-metallbau.de\/Metallbau\/wp-content\/uploads\/2017\/05\/terrassenueberdachungen2-768x576.jpg 768w\" sizes=\"auto, (max-width: 876px) 100vw, 876px\" \/><\/a>            <\/dt>\n                    <\/dl>\n            <dl class=\"gallery-item\">\n            <dt class=\"gallery-icon\">\n            <a data-title=\"\" title=\"\" href=\"https:\/\/www.amann-metallbau.de\/Metallbau\/wp-content\/uploads\/2017\/05\/terrassenueberdachungen3.jpg\" data-rel=\"tb_u385849\" class=\"themify_lightbox\"><img loading=\"lazy\" decoding=\"async\" width=\"425\" height=\"313\" src=\"https:\/\/www.amann-metallbau.de\/Metallbau\/wp-content\/uploads\/2017\/05\/terrassenueberdachungen3.jpg\" class=\"wp-post-image wp-image-252\" title=\"Terrassen\u00fcberdachungen\" alt=\"Terrassen\u00fcberdachungen\" srcset=\"https:\/\/www.amann-metallbau.de\/Metallbau\/wp-content\/uploads\/2017\/05\/terrassenueberdachungen3.jpg 425w, https:\/\/www.amann-metallbau.de\/Metallbau\/wp-content\/uploads\/2017\/05\/terrassenueberdachungen3-300x221.jpg 300w\" sizes=\"auto, (max-width: 425px) 100vw, 425px\" \/><\/a>            <\/dt>\n                    <\/dl>\n            <dl class=\"gallery-item\">\n            <dt class=\"gallery-icon\">\n            <a data-title=\"\" title=\"\" href=\"https:\/\/www.amann-metallbau.de\/Metallbau\/wp-content\/uploads\/2017\/05\/terrassenueberdachungen4.jpg\" data-rel=\"tb_u385849\" class=\"themify_lightbox\"><img loading=\"lazy\" decoding=\"async\" width=\"876\" height=\"656\" src=\"https:\/\/www.amann-metallbau.de\/Metallbau\/wp-content\/uploads\/2017\/05\/terrassenueberdachungen4.jpg\" class=\"wp-post-image wp-image-253\" title=\"Terrassen\u00fcberdachungen\" alt=\"Terrassen\u00fcberdachungen\" srcset=\"https:\/\/www.amann-metallbau.de\/Metallbau\/wp-content\/uploads\/2017\/05\/terrassenueberdachungen4.jpg 876w, https:\/\/www.amann-metallbau.de\/Metallbau\/wp-content\/uploads\/2017\/05\/terrassenueberdachungen4-300x225.jpg 300w, https:\/\/www.amann-metallbau.de\/Metallbau\/wp-content\/uploads\/2017\/05\/terrassenueberdachungen4-768x575.jpg 768w\" sizes=\"auto, (max-width: 876px) 100vw, 876px\" \/><\/a>            <\/dt>\n                    <\/dl>\n            <dl class=\"gallery-item\">\n            <dt class=\"gallery-icon\">\n            <a data-title=\"\" title=\"\" href=\"https:\/\/www.amann-metallbau.de\/Metallbau\/wp-content\/uploads\/2017\/05\/header_terrassenueberdachungen-1024x550.jpg\" data-rel=\"tb_u385849\" class=\"themify_lightbox\"><img loading=\"lazy\" decoding=\"async\" width=\"2000\" height=\"1074\" src=\"https:\/\/www.amann-metallbau.de\/Metallbau\/wp-content\/uploads\/2017\/05\/header_terrassenueberdachungen.jpg\" class=\"wp-post-image wp-image-249\" title=\"header_terrassenueberdachungen\" alt=\"header_terrassenueberdachungen\" srcset=\"https:\/\/www.amann-metallbau.de\/Metallbau\/wp-content\/uploads\/2017\/05\/header_terrassenueberdachungen.jpg 2000w, https:\/\/www.amann-metallbau.de\/Metallbau\/wp-content\/uploads\/2017\/05\/header_terrassenueberdachungen-300x161.jpg 300w, https:\/\/www.amann-metallbau.de\/Metallbau\/wp-content\/uploads\/2017\/05\/header_terrassenueberdachungen-768x412.jpg 768w, https:\/\/www.amann-metallbau.de\/Metallbau\/wp-content\/uploads\/2017\/05\/header_terrassenueberdachungen-1024x550.jpg 1024w\" sizes=\"auto, (max-width: 2000px) 100vw, 2000px\" \/><\/a>            <\/dt>\n                    <\/dl>\n            <dl class=\"gallery-item\">\n            <dt class=\"gallery-icon\">\n            <a data-title=\"\" title=\"\" href=\"https:\/\/www.amann-metallbau.de\/Metallbau\/wp-content\/uploads\/2017\/05\/terrassenueberdachungen5.jpg\" data-rel=\"tb_u385849\" class=\"themify_lightbox\"><img loading=\"lazy\" decoding=\"async\" width=\"876\" height=\"657\" src=\"https:\/\/www.amann-metallbau.de\/Metallbau\/wp-content\/uploads\/2017\/05\/terrassenueberdachungen5.jpg\" class=\"wp-post-image wp-image-254\" title=\"Terrassen\u00fcberdachungen\" alt=\"Terrassen\u00fcberdachungen\" srcset=\"https:\/\/www.amann-metallbau.de\/Metallbau\/wp-content\/uploads\/2017\/05\/terrassenueberdachungen5.jpg 876w, https:\/\/www.amann-metallbau.de\/Metallbau\/wp-content\/uploads\/2017\/05\/terrassenueberdachungen5-300x225.jpg 300w, https:\/\/www.amann-metallbau.de\/Metallbau\/wp-content\/uploads\/2017\/05\/terrassenueberdachungen5-768x576.jpg 768w\" sizes=\"auto, (max-width: 876px) 100vw, 876px\" \/><\/a>            <\/dt>\n                    <\/dl>\n    <\/div>\n<\/div>\n<!-- \/module gallery -->        <\/div>\n                        <\/div>\n        <\/div>\n        <\/div>\n<!--\/themify_builder_content-->","protected":false},"excerpt":{"rendered":"<p>Terrassen\u00fcberdachungen<\/p>\n","protected":false},"author":1,"featured_media":0,"parent":0,"menu_order":0,"comment_status":"closed","ping_status":"closed","template":"","meta":{"footnotes":""},"class_list":["post-246","page","type-page","status-publish","hentry","has-post-title","has-post-date","has-post-category","has-post-tag","has-post-comment","has-post-author",""],"yoast_head":"<!-- This site is optimized with the Yoast SEO plugin v27.3 - https:\/\/yoast.com\/product\/yoast-seo-wordpress\/ -->\n<title>Terrassen\u00fcberdachungen von Amann Metallbau ind Sinzheim<\/title>\n<meta name=\"description\" content=\"Terrassen\u00fcberdachungen von Amann Metallbau aus Sinzheim. In diesem Bereich arbeiten wir mit unserem Partner weinor eng zusammen.\" \/>\n<meta name=\"robots\" content=\"index, follow, max-snippet:-1, max-image-preview:large, max-video-preview:-1\" \/>\n<link rel=\"canonical\" href=\"https:\/\/www.amann-metallbau.de\/Metallbau\/leistungen-terrassenueberdachungen\/\" \/>\n<meta property=\"og:locale\" content=\"de_DE\" \/>\n<meta property=\"og:type\" content=\"article\" \/>\n<meta property=\"og:title\" content=\"Terrassen\u00fcberdachungen von Amann Metallbau ind Sinzheim\" \/>\n<meta property=\"og:description\" content=\"Terrassen\u00fcberdachungen von Amann Metallbau aus Sinzheim. In diesem Bereich arbeiten wir mit unserem Partner weinor eng zusammen.\" \/>\n<meta property=\"og:url\" content=\"https:\/\/www.amann-metallbau.de\/Metallbau\/leistungen-terrassenueberdachungen\/\" \/>\n<meta property=\"og:site_name\" content=\"Amann Metallbau\" \/>\n<meta property=\"article:modified_time\" content=\"2024-03-01T14:37:24+00:00\" \/>\n<meta property=\"og:image\" content=\"https:\/\/www.amann-metallbau.de\/Metallbau\/wp-content\/uploads\/2017\/05\/terrassenueberdachungen1-150x150.jpg\" \/>\n<meta name=\"twitter:card\" content=\"summary_large_image\" \/>\n<meta name=\"twitter:label1\" content=\"Gesch\u00e4tzte Lesezeit\" \/>\n\t<meta name=\"twitter:data1\" content=\"3\u00a0Minuten\" \/>\n<script type=\"application\/ld+json\" class=\"yoast-schema-graph\">{\"@context\":\"https:\\\/\\\/schema.org\",\"@graph\":[{\"@type\":\"WebPage\",\"@id\":\"https:\\\/\\\/www.amann-metallbau.de\\\/Metallbau\\\/leistungen-terrassenueberdachungen\\\/\",\"url\":\"https:\\\/\\\/www.amann-metallbau.de\\\/Metallbau\\\/leistungen-terrassenueberdachungen\\\/\",\"name\":\"Terrassen\u00fcberdachungen von Amann Metallbau ind Sinzheim\",\"isPartOf\":{\"@id\":\"https:\\\/\\\/www.amann-metallbau.de\\\/Metallbau\\\/#website\"},\"primaryImageOfPage\":{\"@id\":\"https:\\\/\\\/www.amann-metallbau.de\\\/Metallbau\\\/leistungen-terrassenueberdachungen\\\/#primaryimage\"},\"image\":{\"@id\":\"https:\\\/\\\/www.amann-metallbau.de\\\/Metallbau\\\/leistungen-terrassenueberdachungen\\\/#primaryimage\"},\"thumbnailUrl\":\"https:\\\/\\\/www.amann-metallbau.de\\\/Metallbau\\\/wp-content\\\/uploads\\\/2017\\\/05\\\/header_terrassenueberdachungen-1-1024x350.jpg\",\"datePublished\":\"2017-05-22T10:49:55+00:00\",\"dateModified\":\"2024-03-01T14:37:24+00:00\",\"description\":\"Terrassen\u00fcberdachungen von Amann Metallbau aus Sinzheim. In diesem Bereich arbeiten wir mit unserem Partner weinor eng zusammen.\",\"breadcrumb\":{\"@id\":\"https:\\\/\\\/www.amann-metallbau.de\\\/Metallbau\\\/leistungen-terrassenueberdachungen\\\/#breadcrumb\"},\"inLanguage\":\"de\",\"potentialAction\":[{\"@type\":\"ReadAction\",\"target\":[\"https:\\\/\\\/www.amann-metallbau.de\\\/Metallbau\\\/leistungen-terrassenueberdachungen\\\/\"]}]},{\"@type\":\"ImageObject\",\"inLanguage\":\"de\",\"@id\":\"https:\\\/\\\/www.amann-metallbau.de\\\/Metallbau\\\/leistungen-terrassenueberdachungen\\\/#primaryimage\",\"url\":\"https:\\\/\\\/www.amann-metallbau.de\\\/Metallbau\\\/wp-content\\\/uploads\\\/2017\\\/05\\\/header_terrassenueberdachungen-1.jpg\",\"contentUrl\":\"https:\\\/\\\/www.amann-metallbau.de\\\/Metallbau\\\/wp-content\\\/uploads\\\/2017\\\/05\\\/header_terrassenueberdachungen-1.jpg\",\"width\":2000,\"height\":683},{\"@type\":\"BreadcrumbList\",\"@id\":\"https:\\\/\\\/www.amann-metallbau.de\\\/Metallbau\\\/leistungen-terrassenueberdachungen\\\/#breadcrumb\",\"itemListElement\":[{\"@type\":\"ListItem\",\"position\":1,\"name\":\"Startseite\",\"item\":\"https:\\\/\\\/www.amann-metallbau.de\\\/Metallbau\\\/\"},{\"@type\":\"ListItem\",\"position\":2,\"name\":\"Leistungen &#8211; Terrassen\u00fcberdachungen\"}]},{\"@type\":\"WebSite\",\"@id\":\"https:\\\/\\\/www.amann-metallbau.de\\\/Metallbau\\\/#website\",\"url\":\"https:\\\/\\\/www.amann-metallbau.de\\\/Metallbau\\\/\",\"name\":\"Amann Metallbau\",\"description\":\"Winterg\u00e4rten - Fenster, T\u00fcren &amp; Fassaden\",\"publisher\":{\"@id\":\"https:\\\/\\\/www.amann-metallbau.de\\\/Metallbau\\\/#organization\"},\"potentialAction\":[{\"@type\":\"SearchAction\",\"target\":{\"@type\":\"EntryPoint\",\"urlTemplate\":\"https:\\\/\\\/www.amann-metallbau.de\\\/Metallbau\\\/?s={search_term_string}\"},\"query-input\":{\"@type\":\"PropertyValueSpecification\",\"valueRequired\":true,\"valueName\":\"search_term_string\"}}],\"inLanguage\":\"de\"},{\"@type\":\"Organization\",\"@id\":\"https:\\\/\\\/www.amann-metallbau.de\\\/Metallbau\\\/#organization\",\"name\":\"Amann Metallbau Sinzheim\",\"url\":\"https:\\\/\\\/www.amann-metallbau.de\\\/Metallbau\\\/\",\"logo\":{\"@type\":\"ImageObject\",\"inLanguage\":\"de\",\"@id\":\"https:\\\/\\\/www.amann-metallbau.de\\\/Metallbau\\\/#\\\/schema\\\/logo\\\/image\\\/\",\"url\":\"https:\\\/\\\/www.amann-metallbau.de\\\/Metallbau\\\/wp-content\\\/uploads\\\/2017\\\/05\\\/logo.gif\",\"contentUrl\":\"https:\\\/\\\/www.amann-metallbau.de\\\/Metallbau\\\/wp-content\\\/uploads\\\/2017\\\/05\\\/logo.gif\",\"width\":39,\"height\":41,\"caption\":\"Amann Metallbau Sinzheim\"},\"image\":{\"@id\":\"https:\\\/\\\/www.amann-metallbau.de\\\/Metallbau\\\/#\\\/schema\\\/logo\\\/image\\\/\"}}]}<\/script>\n<!-- \/ Yoast SEO plugin. -->","yoast_head_json":{"title":"Terrassen\u00fcberdachungen von Amann Metallbau ind Sinzheim","description":"Terrassen\u00fcberdachungen von Amann Metallbau aus Sinzheim. In diesem Bereich arbeiten wir mit unserem Partner weinor eng zusammen.","robots":{"index":"index","follow":"follow","max-snippet":"max-snippet:-1","max-image-preview":"max-image-preview:large","max-video-preview":"max-video-preview:-1"},"canonical":"https:\/\/www.amann-metallbau.de\/Metallbau\/leistungen-terrassenueberdachungen\/","og_locale":"de_DE","og_type":"article","og_title":"Terrassen\u00fcberdachungen von Amann Metallbau ind Sinzheim","og_description":"Terrassen\u00fcberdachungen von Amann Metallbau aus Sinzheim. In diesem Bereich arbeiten wir mit unserem Partner weinor eng zusammen.","og_url":"https:\/\/www.amann-metallbau.de\/Metallbau\/leistungen-terrassenueberdachungen\/","og_site_name":"Amann Metallbau","article_modified_time":"2024-03-01T14:37:24+00:00","og_image":[{"url":"https:\/\/www.amann-metallbau.de\/Metallbau\/wp-content\/uploads\/2017\/05\/terrassenueberdachungen1-150x150.jpg","type":"","width":"","height":""}],"twitter_card":"summary_large_image","twitter_misc":{"Gesch\u00e4tzte Lesezeit":"3\u00a0Minuten"},"schema":{"@context":"https:\/\/schema.org","@graph":[{"@type":"WebPage","@id":"https:\/\/www.amann-metallbau.de\/Metallbau\/leistungen-terrassenueberdachungen\/","url":"https:\/\/www.amann-metallbau.de\/Metallbau\/leistungen-terrassenueberdachungen\/","name":"Terrassen\u00fcberdachungen von Amann Metallbau ind Sinzheim","isPartOf":{"@id":"https:\/\/www.amann-metallbau.de\/Metallbau\/#website"},"primaryImageOfPage":{"@id":"https:\/\/www.amann-metallbau.de\/Metallbau\/leistungen-terrassenueberdachungen\/#primaryimage"},"image":{"@id":"https:\/\/www.amann-metallbau.de\/Metallbau\/leistungen-terrassenueberdachungen\/#primaryimage"},"thumbnailUrl":"https:\/\/www.amann-metallbau.de\/Metallbau\/wp-content\/uploads\/2017\/05\/header_terrassenueberdachungen-1-1024x350.jpg","datePublished":"2017-05-22T10:49:55+00:00","dateModified":"2024-03-01T14:37:24+00:00","description":"Terrassen\u00fcberdachungen von Amann Metallbau aus Sinzheim. In diesem Bereich arbeiten wir mit unserem Partner weinor eng zusammen.","breadcrumb":{"@id":"https:\/\/www.amann-metallbau.de\/Metallbau\/leistungen-terrassenueberdachungen\/#breadcrumb"},"inLanguage":"de","potentialAction":[{"@type":"ReadAction","target":["https:\/\/www.amann-metallbau.de\/Metallbau\/leistungen-terrassenueberdachungen\/"]}]},{"@type":"ImageObject","inLanguage":"de","@id":"https:\/\/www.amann-metallbau.de\/Metallbau\/leistungen-terrassenueberdachungen\/#primaryimage","url":"https:\/\/www.amann-metallbau.de\/Metallbau\/wp-content\/uploads\/2017\/05\/header_terrassenueberdachungen-1.jpg","contentUrl":"https:\/\/www.amann-metallbau.de\/Metallbau\/wp-content\/uploads\/2017\/05\/header_terrassenueberdachungen-1.jpg","width":2000,"height":683},{"@type":"BreadcrumbList","@id":"https:\/\/www.amann-metallbau.de\/Metallbau\/leistungen-terrassenueberdachungen\/#breadcrumb","itemListElement":[{"@type":"ListItem","position":1,"name":"Startseite","item":"https:\/\/www.amann-metallbau.de\/Metallbau\/"},{"@type":"ListItem","position":2,"name":"Leistungen &#8211; Terrassen\u00fcberdachungen"}]},{"@type":"WebSite","@id":"https:\/\/www.amann-metallbau.de\/Metallbau\/#website","url":"https:\/\/www.amann-metallbau.de\/Metallbau\/","name":"Amann Metallbau","description":"Winterg\u00e4rten - Fenster, T\u00fcren &amp; Fassaden","publisher":{"@id":"https:\/\/www.amann-metallbau.de\/Metallbau\/#organization"},"potentialAction":[{"@type":"SearchAction","target":{"@type":"EntryPoint","urlTemplate":"https:\/\/www.amann-metallbau.de\/Metallbau\/?s={search_term_string}"},"query-input":{"@type":"PropertyValueSpecification","valueRequired":true,"valueName":"search_term_string"}}],"inLanguage":"de"},{"@type":"Organization","@id":"https:\/\/www.amann-metallbau.de\/Metallbau\/#organization","name":"Amann Metallbau Sinzheim","url":"https:\/\/www.amann-metallbau.de\/Metallbau\/","logo":{"@type":"ImageObject","inLanguage":"de","@id":"https:\/\/www.amann-metallbau.de\/Metallbau\/#\/schema\/logo\/image\/","url":"https:\/\/www.amann-metallbau.de\/Metallbau\/wp-content\/uploads\/2017\/05\/logo.gif","contentUrl":"https:\/\/www.amann-metallbau.de\/Metallbau\/wp-content\/uploads\/2017\/05\/logo.gif","width":39,"height":41,"caption":"Amann Metallbau Sinzheim"},"image":{"@id":"https:\/\/www.amann-metallbau.de\/Metallbau\/#\/schema\/logo\/image\/"}}]}},"builder_content":"<img src=\"https:\/\/www.amann-metallbau.de\/Metallbau\/wp-content\/uploads\/2017\/05\/header_terrassenueberdachungen-1-1024x350.jpg\" title=\"header_terrassenueberdachungen 1\" alt=\"header_terrassenueberdachungen 1\" srcset=\"https:\/\/www.amann-metallbau.de\/Metallbau\/wp-content\/uploads\/2017\/05\/header_terrassenueberdachungen-1-1024x350.jpg 1024w, https:\/\/www.amann-metallbau.de\/Metallbau\/wp-content\/uploads\/2017\/05\/header_terrassenueberdachungen-1-300x102.jpg 300w, https:\/\/www.amann-metallbau.de\/Metallbau\/wp-content\/uploads\/2017\/05\/header_terrassenueberdachungen-1-768x262.jpg 768w, https:\/\/www.amann-metallbau.de\/Metallbau\/wp-content\/uploads\/2017\/05\/header_terrassenueberdachungen-1.jpg 2000w\" sizes=\"(max-width: 1024px) 100vw, 1024px\" \/>\n<h2>Terrassen\u00fcberdachungen<\/h2>\n<p><img loading=\"lazy\" decoding=\"async\" src=\"\/Metallbau\/wp-content\/uploads\/2017\/05\/logo_weinor.png\" alt=\"\" width=\"175\" height=\"100\" \/>In diesem Bereich arbeiten wir mit unserem Partner weinor eng zusammen. Hier k\u00f6nnen wir Ihnen alle Produktvarianten anbieten und begleiten Sie nat\u00fcrlich von der Planung bis zur Montage.<\/p> <h4><\/h4> <h4>Terrassendach Terrazza<\/h4> <p>Terrassenvergn\u00fcgen bis weit in den Herbst hinein \u2013 mit dem weinor Terrassendach Terrazza sind Sie bestens gesch\u00fctzt vor Wind und Wetter. Und auch Ihre Terrassenm\u00f6bel k\u00f6nnen unbeschadet drau\u00dfen bleiben. Das weinor Terrassendach \u00fcberzeugt durch eine elegante Konstruktion, formsch\u00f6nes Design und hohe Belastbarkeit. Mit seinen vielf\u00e4ltigen Ausf\u00fchrungen eignet es sich f\u00fcr unterschiedlichste H\u00e4usertypen und Anforderungen.<\/p> <p>Terrassend\u00e4cher von weinor \u00fcberzeugen nicht nur durch ein besonders elegantes Design wie aus einem Guss.<br \/> Mit einer Vielzahl unterschiedlicher Ausf\u00fchrungen passen sie sich spielend auch an komplexe Bausituationen an.<\/p>\n[gallery _orderbyfield=\"menu_order ID\" _orderByField=\"menu_order ID\" ids=\"250,251,252,253,249,254\"]","_links":{"self":[{"href":"https:\/\/www.amann-metallbau.de\/Metallbau\/wp-json\/wp\/v2\/pages\/246","targetHints":{"allow":["GET"]}}],"collection":[{"href":"https:\/\/www.amann-metallbau.de\/Metallbau\/wp-json\/wp\/v2\/pages"}],"about":[{"href":"https:\/\/www.amann-metallbau.de\/Metallbau\/wp-json\/wp\/v2\/types\/page"}],"author":[{"embeddable":true,"href":"https:\/\/www.amann-metallbau.de\/Metallbau\/wp-json\/wp\/v2\/users\/1"}],"replies":[{"embeddable":true,"href":"https:\/\/www.amann-metallbau.de\/Metallbau\/wp-json\/wp\/v2\/comments?post=246"}],"version-history":[{"count":9,"href":"https:\/\/www.amann-metallbau.de\/Metallbau\/wp-json\/wp\/v2\/pages\/246\/revisions"}],"predecessor-version":[{"id":487,"href":"https:\/\/www.amann-metallbau.de\/Metallbau\/wp-json\/wp\/v2\/pages\/246\/revisions\/487"}],"wp:attachment":[{"href":"https:\/\/www.amann-metallbau.de\/Metallbau\/wp-json\/wp\/v2\/media?parent=246"}],"curies":[{"name":"wp","href":"https:\/\/api.w.org\/{rel}","templated":true}]}}