{"id":258,"date":"2017-05-22T13:13:33","date_gmt":"2017-05-22T11:13:33","guid":{"rendered":"http:\/\/www.amann-metallbau.de\/Metallbau\/leistungen-terrassenueberdachungen-copy\/"},"modified":"2024-03-01T15:37:51","modified_gmt":"2024-03-01T14:37:51","slug":"leistungen-brandschutz","status":"publish","type":"page","link":"https:\/\/www.amann-metallbau.de\/Metallbau\/leistungen-brandschutz\/","title":{"rendered":"Leistungen &#8211; Brandschutz"},"content":{"rendered":"<!--themify_builder_content-->\n<div id=\"themify_builder_content-258\" data-postid=\"258\" class=\"themify_builder_content themify_builder_content-258 themify_builder tf_clear\">\n                    <div  data-css_id=\"wbgu303\" data-lazy=\"1\" class=\"module_row themify_builder_row fullwidth tb_wbgu303 tb_first tf_w wow\" data-tf-animation=\"fadeIn\">\n                        <div class=\"row_inner col_align_top tb_col_count_1 tf_box tf_rel\">\n                        <div  data-lazy=\"1\" class=\"module_column tb-column col-full tb_gomq659 first\">\n                    <!-- module image -->\n<div  class=\"module module-image tb_dxdv035 image-top   auto_fullwidth tf_mw\" data-lazy=\"1\">\n        <div class=\"image-wrap tf_rel tf_mw\">\n            <img loading=\"lazy\" decoding=\"async\" width=\"1024\" height=\"350\" src=\"https:\/\/www.amann-metallbau.de\/Metallbau\/wp-content\/uploads\/2017\/05\/header_brandschutz-1-1024x350.jpg\" class=\"wp-post-image wp-image-303\" title=\"header_brandschutz 1\" alt=\"header_brandschutz 1\" srcset=\"https:\/\/www.amann-metallbau.de\/Metallbau\/wp-content\/uploads\/2017\/05\/header_brandschutz-1-1024x350.jpg 1024w, https:\/\/www.amann-metallbau.de\/Metallbau\/wp-content\/uploads\/2017\/05\/header_brandschutz-1-300x102.jpg 300w, https:\/\/www.amann-metallbau.de\/Metallbau\/wp-content\/uploads\/2017\/05\/header_brandschutz-1-768x262.jpg 768w, https:\/\/www.amann-metallbau.de\/Metallbau\/wp-content\/uploads\/2017\/05\/header_brandschutz-1.jpg 2000w\" sizes=\"auto, (max-width: 1024px) 100vw, 1024px\" \/>    \n        <\/div>\n    <!-- \/image-wrap -->\n    \n        <\/div>\n<!-- \/module image -->        <\/div>\n                        <\/div>\n        <\/div>\n                        <div  data-lazy=\"1\" class=\"module_row themify_builder_row our-services tb_14cf570 tf_w\">\n                        <div class=\"row_inner col_align_top tb_col_count_1 tf_box tf_rel\">\n                        <div  data-lazy=\"1\" class=\"module_column tb-column col-full tb_n5z9007 first\">\n                    <!-- module text -->\n<div  class=\"module module-text tb_u241666    wow\" data-tf-animation=\"fadeInUp\" data-lazy=\"1\">\n        <div  class=\"tb_text_wrap\">\n        <h2>Brandschutz<\/h2>    <\/div>\n<\/div>\n<!-- \/module text --><!-- module text -->\n<div  class=\"module module-text tb_ow8r377   \" data-lazy=\"1\">\n        <div  class=\"tb_text_wrap\">\n        <div id=\"idTextPanel\" class=\"jqDnR\"><p>Wir fertigen und montieren Brand- und Rauchschutzelemente aus Aluminium.<br \/>Auch in diesem Bereich arbeiten wir eng mit einem der f\u00fchrenden Profilhersteller, Wicona, zusammen.<\/p><p>Wir sind Mitglied in der \u00dcberwachungsgemeinschaft f\u00fcr Feuerschutz, Rauchschutz- und Schutzraumabschl\u00fcsse Baden-W\u00fcrttemberg e.V. <br \/>Alle vom Systemhersteller zugelassenen T\u00fcrtypen, zugelassenen Bauarten, bzw. gepr\u00fcften Systemen k\u00f6nnen dadurch in unserem Betrieb gefertigt und montiert werden.<\/p><\/div>    <\/div>\n<\/div>\n<!-- \/module text --><!-- module gallery -->\n<div  class=\"module gallery module-gallery tb_coy4307 layout-grid  \" data-lazy=\"1\">\n    <div class=\"module-gallery-grid\" style=\"--gald:5;--galt:5;--galm:5\">\n            <dl class=\"gallery-item\">\n            <dt class=\"gallery-icon\">\n            <a data-title=\"\" title=\"\" href=\"https:\/\/www.amann-metallbau.de\/Metallbau\/wp-content\/uploads\/2017\/05\/brandschutz1-768x1024.jpg\" data-rel=\"tb_coy4307\" class=\"themify_lightbox\"><img loading=\"lazy\" decoding=\"async\" width=\"1704\" height=\"2272\" src=\"https:\/\/www.amann-metallbau.de\/Metallbau\/wp-content\/uploads\/2017\/05\/brandschutz1.jpg\" class=\"wp-post-image wp-image-262\" title=\"Brandschutz\" alt=\"Brandschutz\" srcset=\"https:\/\/www.amann-metallbau.de\/Metallbau\/wp-content\/uploads\/2017\/05\/brandschutz1.jpg 1704w, https:\/\/www.amann-metallbau.de\/Metallbau\/wp-content\/uploads\/2017\/05\/brandschutz1-225x300.jpg 225w, https:\/\/www.amann-metallbau.de\/Metallbau\/wp-content\/uploads\/2017\/05\/brandschutz1-768x1024.jpg 768w\" sizes=\"auto, (max-width: 1704px) 100vw, 1704px\" \/><\/a>            <\/dt>\n                    <\/dl>\n            <dl class=\"gallery-item\">\n            <dt class=\"gallery-icon\">\n            <a data-title=\"\" title=\"\" href=\"https:\/\/www.amann-metallbau.de\/Metallbau\/wp-content\/uploads\/2017\/05\/brandschutz2jpg-768x1024.jpg\" data-rel=\"tb_coy4307\" class=\"themify_lightbox\"><img loading=\"lazy\" decoding=\"async\" width=\"1704\" height=\"2272\" src=\"https:\/\/www.amann-metallbau.de\/Metallbau\/wp-content\/uploads\/2017\/05\/brandschutz2jpg.jpg\" class=\"wp-post-image wp-image-263\" title=\"Brandschutz\" alt=\"Brandschutz\" srcset=\"https:\/\/www.amann-metallbau.de\/Metallbau\/wp-content\/uploads\/2017\/05\/brandschutz2jpg.jpg 1704w, https:\/\/www.amann-metallbau.de\/Metallbau\/wp-content\/uploads\/2017\/05\/brandschutz2jpg-225x300.jpg 225w, https:\/\/www.amann-metallbau.de\/Metallbau\/wp-content\/uploads\/2017\/05\/brandschutz2jpg-768x1024.jpg 768w\" sizes=\"auto, (max-width: 1704px) 100vw, 1704px\" \/><\/a>            <\/dt>\n                    <\/dl>\n            <dl class=\"gallery-item\">\n            <dt class=\"gallery-icon\">\n            <a data-title=\"\" title=\"\" href=\"https:\/\/www.amann-metallbau.de\/Metallbau\/wp-content\/uploads\/2017\/05\/brandschutz3.jpg\" data-rel=\"tb_coy4307\" class=\"themify_lightbox\"><img loading=\"lazy\" decoding=\"async\" width=\"865\" height=\"949\" src=\"https:\/\/www.amann-metallbau.de\/Metallbau\/wp-content\/uploads\/2017\/05\/brandschutz3.jpg\" class=\"wp-post-image wp-image-264\" title=\"Brandschutz\" alt=\"Brandschutz\" srcset=\"https:\/\/www.amann-metallbau.de\/Metallbau\/wp-content\/uploads\/2017\/05\/brandschutz3.jpg 865w, https:\/\/www.amann-metallbau.de\/Metallbau\/wp-content\/uploads\/2017\/05\/brandschutz3-273x300.jpg 273w, https:\/\/www.amann-metallbau.de\/Metallbau\/wp-content\/uploads\/2017\/05\/brandschutz3-768x843.jpg 768w\" sizes=\"auto, (max-width: 865px) 100vw, 865px\" \/><\/a>            <\/dt>\n                    <\/dl>\n            <dl class=\"gallery-item\">\n            <dt class=\"gallery-icon\">\n            <a data-title=\"\" title=\"\" href=\"https:\/\/www.amann-metallbau.de\/Metallbau\/wp-content\/uploads\/2017\/05\/brandschutz4.jpg\" data-rel=\"tb_coy4307\" class=\"themify_lightbox\"><img loading=\"lazy\" decoding=\"async\" width=\"683\" height=\"886\" src=\"https:\/\/www.amann-metallbau.de\/Metallbau\/wp-content\/uploads\/2017\/05\/brandschutz4.jpg\" class=\"wp-post-image wp-image-265\" title=\"Brandschutz\" alt=\"Brandschutz\" srcset=\"https:\/\/www.amann-metallbau.de\/Metallbau\/wp-content\/uploads\/2017\/05\/brandschutz4.jpg 683w, https:\/\/www.amann-metallbau.de\/Metallbau\/wp-content\/uploads\/2017\/05\/brandschutz4-231x300.jpg 231w\" sizes=\"auto, (max-width: 683px) 100vw, 683px\" \/><\/a>            <\/dt>\n                    <\/dl>\n            <dl class=\"gallery-item\">\n            <dt class=\"gallery-icon\">\n            <a data-title=\"\" title=\"\" href=\"https:\/\/www.amann-metallbau.de\/Metallbau\/wp-content\/uploads\/2017\/05\/brandschutz5-768x1024.jpg\" data-rel=\"tb_coy4307\" class=\"themify_lightbox\"><img loading=\"lazy\" decoding=\"async\" width=\"960\" height=\"1280\" src=\"https:\/\/www.amann-metallbau.de\/Metallbau\/wp-content\/uploads\/2017\/05\/brandschutz5.jpg\" class=\"wp-post-image wp-image-266\" title=\"Brandschutz\" alt=\"Brandschutz\" srcset=\"https:\/\/www.amann-metallbau.de\/Metallbau\/wp-content\/uploads\/2017\/05\/brandschutz5.jpg 960w, https:\/\/www.amann-metallbau.de\/Metallbau\/wp-content\/uploads\/2017\/05\/brandschutz5-225x300.jpg 225w, https:\/\/www.amann-metallbau.de\/Metallbau\/wp-content\/uploads\/2017\/05\/brandschutz5-768x1024.jpg 768w\" sizes=\"auto, (max-width: 960px) 100vw, 960px\" \/><\/a>            <\/dt>\n                    <\/dl>\n    <\/div>\n<\/div>\n<!-- \/module gallery -->        <\/div>\n                        <\/div>\n        <\/div>\n        <\/div>\n<!--\/themify_builder_content-->","protected":false},"excerpt":{"rendered":"<p>Brandschutz<\/p>\n","protected":false},"author":1,"featured_media":0,"parent":0,"menu_order":0,"comment_status":"closed","ping_status":"closed","template":"","meta":{"footnotes":""},"class_list":["post-258","page","type-page","status-publish","hentry","has-post-title","has-post-date","has-post-category","has-post-tag","has-post-comment","has-post-author",""],"yoast_head":"<!-- This site is optimized with the Yoast SEO plugin v27.3 - https:\/\/yoast.com\/product\/yoast-seo-wordpress\/ -->\n<title>Brandschutz - Amann Metallbau<\/title>\n<meta name=\"description\" content=\"Amann Metallbau in Sinzheim, Ihr Partner f\u00fcr Brandschutz und Rauchschutzelemente aus Aluminium.\" \/>\n<meta name=\"robots\" content=\"index, follow, max-snippet:-1, max-image-preview:large, max-video-preview:-1\" \/>\n<link rel=\"canonical\" href=\"https:\/\/www.amann-metallbau.de\/Metallbau\/leistungen-brandschutz\/\" \/>\n<meta property=\"og:locale\" content=\"de_DE\" \/>\n<meta property=\"og:type\" content=\"article\" \/>\n<meta property=\"og:title\" content=\"Brandschutz - Amann Metallbau\" \/>\n<meta property=\"og:description\" content=\"Amann Metallbau in Sinzheim, Ihr Partner f\u00fcr Brandschutz und Rauchschutzelemente aus Aluminium.\" \/>\n<meta property=\"og:url\" content=\"https:\/\/www.amann-metallbau.de\/Metallbau\/leistungen-brandschutz\/\" \/>\n<meta property=\"og:site_name\" content=\"Amann Metallbau\" \/>\n<meta property=\"article:modified_time\" content=\"2024-03-01T14:37:51+00:00\" \/>\n<meta property=\"og:image\" content=\"https:\/\/www.amann-metallbau.de\/Metallbau\/wp-content\/uploads\/2017\/05\/brandschutz1-150x150.jpg\" \/>\n<meta name=\"twitter:card\" content=\"summary_large_image\" \/>\n<meta name=\"twitter:label1\" content=\"Gesch\u00e4tzte Lesezeit\" \/>\n\t<meta name=\"twitter:data1\" content=\"2\u00a0Minuten\" \/>\n<script type=\"application\/ld+json\" class=\"yoast-schema-graph\">{\"@context\":\"https:\\\/\\\/schema.org\",\"@graph\":[{\"@type\":\"WebPage\",\"@id\":\"https:\\\/\\\/www.amann-metallbau.de\\\/Metallbau\\\/leistungen-brandschutz\\\/\",\"url\":\"https:\\\/\\\/www.amann-metallbau.de\\\/Metallbau\\\/leistungen-brandschutz\\\/\",\"name\":\"Brandschutz - Amann Metallbau\",\"isPartOf\":{\"@id\":\"https:\\\/\\\/www.amann-metallbau.de\\\/Metallbau\\\/#website\"},\"primaryImageOfPage\":{\"@id\":\"https:\\\/\\\/www.amann-metallbau.de\\\/Metallbau\\\/leistungen-brandschutz\\\/#primaryimage\"},\"image\":{\"@id\":\"https:\\\/\\\/www.amann-metallbau.de\\\/Metallbau\\\/leistungen-brandschutz\\\/#primaryimage\"},\"thumbnailUrl\":\"https:\\\/\\\/www.amann-metallbau.de\\\/Metallbau\\\/wp-content\\\/uploads\\\/2017\\\/05\\\/header_brandschutz-1-1024x350.jpg\",\"datePublished\":\"2017-05-22T11:13:33+00:00\",\"dateModified\":\"2024-03-01T14:37:51+00:00\",\"description\":\"Amann Metallbau in Sinzheim, Ihr Partner f\u00fcr Brandschutz und Rauchschutzelemente aus Aluminium.\",\"breadcrumb\":{\"@id\":\"https:\\\/\\\/www.amann-metallbau.de\\\/Metallbau\\\/leistungen-brandschutz\\\/#breadcrumb\"},\"inLanguage\":\"de\",\"potentialAction\":[{\"@type\":\"ReadAction\",\"target\":[\"https:\\\/\\\/www.amann-metallbau.de\\\/Metallbau\\\/leistungen-brandschutz\\\/\"]}]},{\"@type\":\"ImageObject\",\"inLanguage\":\"de\",\"@id\":\"https:\\\/\\\/www.amann-metallbau.de\\\/Metallbau\\\/leistungen-brandschutz\\\/#primaryimage\",\"url\":\"https:\\\/\\\/www.amann-metallbau.de\\\/Metallbau\\\/wp-content\\\/uploads\\\/2017\\\/05\\\/header_brandschutz-1.jpg\",\"contentUrl\":\"https:\\\/\\\/www.amann-metallbau.de\\\/Metallbau\\\/wp-content\\\/uploads\\\/2017\\\/05\\\/header_brandschutz-1.jpg\",\"width\":2000,\"height\":683},{\"@type\":\"BreadcrumbList\",\"@id\":\"https:\\\/\\\/www.amann-metallbau.de\\\/Metallbau\\\/leistungen-brandschutz\\\/#breadcrumb\",\"itemListElement\":[{\"@type\":\"ListItem\",\"position\":1,\"name\":\"Startseite\",\"item\":\"https:\\\/\\\/www.amann-metallbau.de\\\/Metallbau\\\/\"},{\"@type\":\"ListItem\",\"position\":2,\"name\":\"Leistungen &#8211; Brandschutz\"}]},{\"@type\":\"WebSite\",\"@id\":\"https:\\\/\\\/www.amann-metallbau.de\\\/Metallbau\\\/#website\",\"url\":\"https:\\\/\\\/www.amann-metallbau.de\\\/Metallbau\\\/\",\"name\":\"Amann Metallbau\",\"description\":\"Winterg\u00e4rten - Fenster, T\u00fcren &amp; Fassaden\",\"publisher\":{\"@id\":\"https:\\\/\\\/www.amann-metallbau.de\\\/Metallbau\\\/#organization\"},\"potentialAction\":[{\"@type\":\"SearchAction\",\"target\":{\"@type\":\"EntryPoint\",\"urlTemplate\":\"https:\\\/\\\/www.amann-metallbau.de\\\/Metallbau\\\/?s={search_term_string}\"},\"query-input\":{\"@type\":\"PropertyValueSpecification\",\"valueRequired\":true,\"valueName\":\"search_term_string\"}}],\"inLanguage\":\"de\"},{\"@type\":\"Organization\",\"@id\":\"https:\\\/\\\/www.amann-metallbau.de\\\/Metallbau\\\/#organization\",\"name\":\"Amann Metallbau Sinzheim\",\"url\":\"https:\\\/\\\/www.amann-metallbau.de\\\/Metallbau\\\/\",\"logo\":{\"@type\":\"ImageObject\",\"inLanguage\":\"de\",\"@id\":\"https:\\\/\\\/www.amann-metallbau.de\\\/Metallbau\\\/#\\\/schema\\\/logo\\\/image\\\/\",\"url\":\"https:\\\/\\\/www.amann-metallbau.de\\\/Metallbau\\\/wp-content\\\/uploads\\\/2017\\\/05\\\/logo.gif\",\"contentUrl\":\"https:\\\/\\\/www.amann-metallbau.de\\\/Metallbau\\\/wp-content\\\/uploads\\\/2017\\\/05\\\/logo.gif\",\"width\":39,\"height\":41,\"caption\":\"Amann Metallbau Sinzheim\"},\"image\":{\"@id\":\"https:\\\/\\\/www.amann-metallbau.de\\\/Metallbau\\\/#\\\/schema\\\/logo\\\/image\\\/\"}}]}<\/script>\n<!-- \/ Yoast SEO plugin. -->","yoast_head_json":{"title":"Brandschutz - Amann Metallbau","description":"Amann Metallbau in Sinzheim, Ihr Partner f\u00fcr Brandschutz und Rauchschutzelemente aus Aluminium.","robots":{"index":"index","follow":"follow","max-snippet":"max-snippet:-1","max-image-preview":"max-image-preview:large","max-video-preview":"max-video-preview:-1"},"canonical":"https:\/\/www.amann-metallbau.de\/Metallbau\/leistungen-brandschutz\/","og_locale":"de_DE","og_type":"article","og_title":"Brandschutz - Amann Metallbau","og_description":"Amann Metallbau in Sinzheim, Ihr Partner f\u00fcr Brandschutz und Rauchschutzelemente aus Aluminium.","og_url":"https:\/\/www.amann-metallbau.de\/Metallbau\/leistungen-brandschutz\/","og_site_name":"Amann Metallbau","article_modified_time":"2024-03-01T14:37:51+00:00","og_image":[{"url":"https:\/\/www.amann-metallbau.de\/Metallbau\/wp-content\/uploads\/2017\/05\/brandschutz1-150x150.jpg","type":"","width":"","height":""}],"twitter_card":"summary_large_image","twitter_misc":{"Gesch\u00e4tzte Lesezeit":"2\u00a0Minuten"},"schema":{"@context":"https:\/\/schema.org","@graph":[{"@type":"WebPage","@id":"https:\/\/www.amann-metallbau.de\/Metallbau\/leistungen-brandschutz\/","url":"https:\/\/www.amann-metallbau.de\/Metallbau\/leistungen-brandschutz\/","name":"Brandschutz - Amann Metallbau","isPartOf":{"@id":"https:\/\/www.amann-metallbau.de\/Metallbau\/#website"},"primaryImageOfPage":{"@id":"https:\/\/www.amann-metallbau.de\/Metallbau\/leistungen-brandschutz\/#primaryimage"},"image":{"@id":"https:\/\/www.amann-metallbau.de\/Metallbau\/leistungen-brandschutz\/#primaryimage"},"thumbnailUrl":"https:\/\/www.amann-metallbau.de\/Metallbau\/wp-content\/uploads\/2017\/05\/header_brandschutz-1-1024x350.jpg","datePublished":"2017-05-22T11:13:33+00:00","dateModified":"2024-03-01T14:37:51+00:00","description":"Amann Metallbau in Sinzheim, Ihr Partner f\u00fcr Brandschutz und Rauchschutzelemente aus Aluminium.","breadcrumb":{"@id":"https:\/\/www.amann-metallbau.de\/Metallbau\/leistungen-brandschutz\/#breadcrumb"},"inLanguage":"de","potentialAction":[{"@type":"ReadAction","target":["https:\/\/www.amann-metallbau.de\/Metallbau\/leistungen-brandschutz\/"]}]},{"@type":"ImageObject","inLanguage":"de","@id":"https:\/\/www.amann-metallbau.de\/Metallbau\/leistungen-brandschutz\/#primaryimage","url":"https:\/\/www.amann-metallbau.de\/Metallbau\/wp-content\/uploads\/2017\/05\/header_brandschutz-1.jpg","contentUrl":"https:\/\/www.amann-metallbau.de\/Metallbau\/wp-content\/uploads\/2017\/05\/header_brandschutz-1.jpg","width":2000,"height":683},{"@type":"BreadcrumbList","@id":"https:\/\/www.amann-metallbau.de\/Metallbau\/leistungen-brandschutz\/#breadcrumb","itemListElement":[{"@type":"ListItem","position":1,"name":"Startseite","item":"https:\/\/www.amann-metallbau.de\/Metallbau\/"},{"@type":"ListItem","position":2,"name":"Leistungen &#8211; Brandschutz"}]},{"@type":"WebSite","@id":"https:\/\/www.amann-metallbau.de\/Metallbau\/#website","url":"https:\/\/www.amann-metallbau.de\/Metallbau\/","name":"Amann Metallbau","description":"Winterg\u00e4rten - Fenster, T\u00fcren &amp; Fassaden","publisher":{"@id":"https:\/\/www.amann-metallbau.de\/Metallbau\/#organization"},"potentialAction":[{"@type":"SearchAction","target":{"@type":"EntryPoint","urlTemplate":"https:\/\/www.amann-metallbau.de\/Metallbau\/?s={search_term_string}"},"query-input":{"@type":"PropertyValueSpecification","valueRequired":true,"valueName":"search_term_string"}}],"inLanguage":"de"},{"@type":"Organization","@id":"https:\/\/www.amann-metallbau.de\/Metallbau\/#organization","name":"Amann Metallbau Sinzheim","url":"https:\/\/www.amann-metallbau.de\/Metallbau\/","logo":{"@type":"ImageObject","inLanguage":"de","@id":"https:\/\/www.amann-metallbau.de\/Metallbau\/#\/schema\/logo\/image\/","url":"https:\/\/www.amann-metallbau.de\/Metallbau\/wp-content\/uploads\/2017\/05\/logo.gif","contentUrl":"https:\/\/www.amann-metallbau.de\/Metallbau\/wp-content\/uploads\/2017\/05\/logo.gif","width":39,"height":41,"caption":"Amann Metallbau Sinzheim"},"image":{"@id":"https:\/\/www.amann-metallbau.de\/Metallbau\/#\/schema\/logo\/image\/"}}]}},"builder_content":"<img src=\"https:\/\/www.amann-metallbau.de\/Metallbau\/wp-content\/uploads\/2017\/05\/header_brandschutz-1-1024x350.jpg\" title=\"header_brandschutz 1\" alt=\"header_brandschutz 1\" srcset=\"https:\/\/www.amann-metallbau.de\/Metallbau\/wp-content\/uploads\/2017\/05\/header_brandschutz-1-1024x350.jpg 1024w, https:\/\/www.amann-metallbau.de\/Metallbau\/wp-content\/uploads\/2017\/05\/header_brandschutz-1-300x102.jpg 300w, https:\/\/www.amann-metallbau.de\/Metallbau\/wp-content\/uploads\/2017\/05\/header_brandschutz-1-768x262.jpg 768w, https:\/\/www.amann-metallbau.de\/Metallbau\/wp-content\/uploads\/2017\/05\/header_brandschutz-1.jpg 2000w\" sizes=\"(max-width: 1024px) 100vw, 1024px\" \/>\n<h2>Brandschutz<\/h2>\n<p>Wir fertigen und montieren Brand- und Rauchschutzelemente aus Aluminium.<br \/>Auch in diesem Bereich arbeiten wir eng mit einem der f\u00fchrenden Profilhersteller, Wicona, zusammen.<\/p><p>Wir sind Mitglied in der \u00dcberwachungsgemeinschaft f\u00fcr Feuerschutz, Rauchschutz- und Schutzraumabschl\u00fcsse Baden-W\u00fcrttemberg e.V. <br \/>Alle vom Systemhersteller zugelassenen T\u00fcrtypen, zugelassenen Bauarten, bzw. gepr\u00fcften Systemen k\u00f6nnen dadurch in unserem Betrieb gefertigt und montiert werden.<\/p>\n[gallery _orderByField=\"menu_order ID\" ids=\"262,263,264,265,266\"]","_links":{"self":[{"href":"https:\/\/www.amann-metallbau.de\/Metallbau\/wp-json\/wp\/v2\/pages\/258","targetHints":{"allow":["GET"]}}],"collection":[{"href":"https:\/\/www.amann-metallbau.de\/Metallbau\/wp-json\/wp\/v2\/pages"}],"about":[{"href":"https:\/\/www.amann-metallbau.de\/Metallbau\/wp-json\/wp\/v2\/types\/page"}],"author":[{"embeddable":true,"href":"https:\/\/www.amann-metallbau.de\/Metallbau\/wp-json\/wp\/v2\/users\/1"}],"replies":[{"embeddable":true,"href":"https:\/\/www.amann-metallbau.de\/Metallbau\/wp-json\/wp\/v2\/comments?post=258"}],"version-history":[{"count":7,"href":"https:\/\/www.amann-metallbau.de\/Metallbau\/wp-json\/wp\/v2\/pages\/258\/revisions"}],"predecessor-version":[{"id":490,"href":"https:\/\/www.amann-metallbau.de\/Metallbau\/wp-json\/wp\/v2\/pages\/258\/revisions\/490"}],"wp:attachment":[{"href":"https:\/\/www.amann-metallbau.de\/Metallbau\/wp-json\/wp\/v2\/media?parent=258"}],"curies":[{"name":"wp","href":"https:\/\/api.w.org\/{rel}","templated":true}]}}