{"id":267,"date":"2017-05-22T13:20:49","date_gmt":"2017-05-22T11:20:49","guid":{"rendered":"http:\/\/www.amann-metallbau.de\/Metallbau\/leistungen-brandschutz-copy\/"},"modified":"2024-03-01T15:39:11","modified_gmt":"2024-03-01T14:39:11","slug":"leistungen-reparaturen","status":"publish","type":"page","link":"https:\/\/www.amann-metallbau.de\/Metallbau\/leistungen-reparaturen\/","title":{"rendered":"Leistungen &#8211; Reparaturen"},"content":{"rendered":"<!--themify_builder_content-->\n<div id=\"themify_builder_content-267\" data-postid=\"267\" class=\"themify_builder_content themify_builder_content-267 themify_builder tf_clear\">\n                    <div  data-css_id=\"zo84478\" data-lazy=\"1\" class=\"module_row themify_builder_row fullwidth tb_zo84478 tb_first tf_w wow\" data-tf-animation=\"fadeIn\">\n                        <div class=\"row_inner col_align_top tb_col_count_1 tf_box tf_rel\">\n                        <div  data-lazy=\"1\" class=\"module_column tb-column col-full tb_xth0780 first\">\n                    <!-- module image -->\n<div  class=\"module module-image tb_8bk7888 image-top   auto_fullwidth tf_mw\" data-lazy=\"1\">\n        <div class=\"image-wrap tf_rel tf_mw\">\n            <img loading=\"lazy\" decoding=\"async\" width=\"1024\" height=\"350\" src=\"https:\/\/www.amann-metallbau.de\/Metallbau\/wp-content\/uploads\/2017\/06\/header_rep-1024x350.png\" class=\"wp-post-image wp-image-356\" title=\"header_rep\" alt=\"Reparaturen\" srcset=\"https:\/\/www.amann-metallbau.de\/Metallbau\/wp-content\/uploads\/2017\/06\/header_rep-1024x350.png 1024w, https:\/\/www.amann-metallbau.de\/Metallbau\/wp-content\/uploads\/2017\/06\/header_rep-300x102.png 300w, https:\/\/www.amann-metallbau.de\/Metallbau\/wp-content\/uploads\/2017\/06\/header_rep-768x262.png 768w, https:\/\/www.amann-metallbau.de\/Metallbau\/wp-content\/uploads\/2017\/06\/header_rep.png 2000w\" sizes=\"auto, (max-width: 1024px) 100vw, 1024px\" \/>    \n        <\/div>\n    <!-- \/image-wrap -->\n    \n        <\/div>\n<!-- \/module image -->        <\/div>\n                        <\/div>\n        <\/div>\n                        <div  data-lazy=\"1\" class=\"module_row themify_builder_row our-services tb_7vpx993 tf_w\">\n                        <div class=\"row_inner col_align_top tb_col_count_1 tf_box tf_rel\">\n                        <div  data-lazy=\"1\" class=\"module_column tb-column col-full tb_x46m303 first\">\n                    <!-- module text -->\n<div  class=\"module module-text tb_09rn073    wow\" data-tf-animation=\"fadeInUp\" data-lazy=\"1\">\n        <div  class=\"tb_text_wrap\">\n        <h2>Reparaturen<\/h2>    <\/div>\n<\/div>\n<!-- \/module text -->        <div  data-lazy=\"1\" class=\"module_subrow themify_builder_sub_row tf_w col_align_top tb_col_count_2 tb_s7br081\">\n                <div  data-lazy=\"1\" class=\"module_column sub_column col4-1 tb_vy7s883 first\">\n                    <!-- module image -->\n<div  class=\"module module-image tb_48os080 image-top   tf_mw\" data-lazy=\"1\">\n        <div class=\"image-wrap tf_rel tf_mw\">\n            <img loading=\"lazy\" decoding=\"async\" width=\"386\" height=\"449\" src=\"https:\/\/www.amann-metallbau.de\/Metallbau\/wp-content\/uploads\/2017\/06\/rep2.png\" class=\"wp-post-image wp-image-342\" title=\"rep2\" alt=\"rep2\" srcset=\"https:\/\/www.amann-metallbau.de\/Metallbau\/wp-content\/uploads\/2017\/06\/rep2.png 386w, https:\/\/www.amann-metallbau.de\/Metallbau\/wp-content\/uploads\/2017\/06\/rep2-258x300.png 258w\" sizes=\"auto, (max-width: 386px) 100vw, 386px\" \/>    \n        <\/div>\n    <!-- \/image-wrap -->\n    \n        <\/div>\n<!-- \/module image -->        <\/div>\n                    <div  data-lazy=\"1\" class=\"module_column sub_column col4-3 tb_bfa2333 last\">\n                    <!-- module text -->\n<div  class=\"module module-text tb_xhkg385   \" data-lazy=\"1\">\n        <div  class=\"tb_text_wrap\">\n        <div id=\"idTextPanel\" class=\"jqDnR\"><p><img loading=\"lazy\" decoding=\"async\" class=\"alignright wp-image-270 size-medium\" src=\"https:\/\/www.amann-metallbau.de\/Metallbau\/wp-content\/uploads\/2017\/05\/reparaturen-300x225.jpg\" alt=\"\" width=\"300\" height=\"225\" srcset=\"https:\/\/www.amann-metallbau.de\/Metallbau\/wp-content\/uploads\/2017\/05\/reparaturen-300x225.jpg 300w, https:\/\/www.amann-metallbau.de\/Metallbau\/wp-content\/uploads\/2017\/05\/reparaturen.jpg 500w\" sizes=\"auto, (max-width: 300px) 100vw, 300px\" \/>Wir f\u00fchren zeitnah und zuverl\u00e4ssig die verschiedensten Reparaturen an Fenstern, T\u00fcren, Fassaden, Toren und vielem mehr \u00a0f\u00fcr \u00f6ffentliche Auftraggeber, Privat- und Gesch\u00e4ftskunden, Hausverwaltungen usw. durch.<\/p><p>Nicht selten sind kurzfristig aufgrund von Unf\u00e4llen, Vandalismus oder energetischer Sanierung grosse Scheiben von Schaufenstern oder Fassaden auszutauschen.<\/p><p>Hierbei k\u00f6nnen wir uns aufgrund der hohen Gewichte der notwendigen Hebeger\u00e4te bedienen.<\/p><\/div>    <\/div>\n<\/div>\n<!-- \/module text -->        <\/div>\n                    <\/div>\n                <\/div>\n                        <\/div>\n        <\/div>\n        <\/div>\n<!--\/themify_builder_content-->","protected":false},"excerpt":{"rendered":"<p>Reparaturen<\/p>\n","protected":false},"author":1,"featured_media":0,"parent":0,"menu_order":0,"comment_status":"closed","ping_status":"closed","template":"","meta":{"footnotes":""},"class_list":["post-267","page","type-page","status-publish","hentry","has-post-title","has-post-date","has-post-category","has-post-tag","has-post-comment","has-post-author",""],"yoast_head":"<!-- This site is optimized with the Yoast SEO plugin v27.3 - https:\/\/yoast.com\/product\/yoast-seo-wordpress\/ -->\n<title>Reparaturen von Amann metallbau in Sinzheim<\/title>\n<meta name=\"description\" content=\"Wir f\u00fchren zeitnah und zuverl\u00e4ssig die verschiedensten Reparaturen an Fenstern, T\u00fcren, Fassaden, Toren und vielem mehr durch.\" \/>\n<meta name=\"robots\" content=\"index, follow, max-snippet:-1, max-image-preview:large, max-video-preview:-1\" \/>\n<link rel=\"canonical\" href=\"https:\/\/www.amann-metallbau.de\/Metallbau\/leistungen-reparaturen\/\" \/>\n<meta property=\"og:locale\" content=\"de_DE\" \/>\n<meta property=\"og:type\" content=\"article\" \/>\n<meta property=\"og:title\" content=\"Reparaturen von Amann metallbau in Sinzheim\" \/>\n<meta property=\"og:description\" content=\"Wir f\u00fchren zeitnah und zuverl\u00e4ssig die verschiedensten Reparaturen an Fenstern, T\u00fcren, Fassaden, Toren und vielem mehr durch.\" \/>\n<meta property=\"og:url\" content=\"https:\/\/www.amann-metallbau.de\/Metallbau\/leistungen-reparaturen\/\" \/>\n<meta property=\"og:site_name\" content=\"Amann Metallbau\" \/>\n<meta property=\"article:modified_time\" content=\"2024-03-01T14:39:11+00:00\" \/>\n<meta property=\"og:image\" content=\"https:\/\/www.amann-metallbau.de\/Metallbau\/wp-content\/uploads\/2017\/06\/header_rep-1024x350.png\" \/>\n<meta name=\"twitter:card\" content=\"summary_large_image\" \/>\n<meta name=\"twitter:label1\" content=\"Gesch\u00e4tzte Lesezeit\" \/>\n\t<meta name=\"twitter:data1\" content=\"2\u00a0Minuten\" \/>\n<script type=\"application\/ld+json\" class=\"yoast-schema-graph\">{\"@context\":\"https:\\\/\\\/schema.org\",\"@graph\":[{\"@type\":\"WebPage\",\"@id\":\"https:\\\/\\\/www.amann-metallbau.de\\\/Metallbau\\\/leistungen-reparaturen\\\/\",\"url\":\"https:\\\/\\\/www.amann-metallbau.de\\\/Metallbau\\\/leistungen-reparaturen\\\/\",\"name\":\"Reparaturen von Amann metallbau in Sinzheim\",\"isPartOf\":{\"@id\":\"https:\\\/\\\/www.amann-metallbau.de\\\/Metallbau\\\/#website\"},\"primaryImageOfPage\":{\"@id\":\"https:\\\/\\\/www.amann-metallbau.de\\\/Metallbau\\\/leistungen-reparaturen\\\/#primaryimage\"},\"image\":{\"@id\":\"https:\\\/\\\/www.amann-metallbau.de\\\/Metallbau\\\/leistungen-reparaturen\\\/#primaryimage\"},\"thumbnailUrl\":\"https:\\\/\\\/www.amann-metallbau.de\\\/Metallbau\\\/wp-content\\\/uploads\\\/2017\\\/06\\\/header_rep-1024x350.png\",\"datePublished\":\"2017-05-22T11:20:49+00:00\",\"dateModified\":\"2024-03-01T14:39:11+00:00\",\"description\":\"Wir f\u00fchren zeitnah und zuverl\u00e4ssig die verschiedensten Reparaturen an Fenstern, T\u00fcren, Fassaden, Toren und vielem mehr durch.\",\"breadcrumb\":{\"@id\":\"https:\\\/\\\/www.amann-metallbau.de\\\/Metallbau\\\/leistungen-reparaturen\\\/#breadcrumb\"},\"inLanguage\":\"de\",\"potentialAction\":[{\"@type\":\"ReadAction\",\"target\":[\"https:\\\/\\\/www.amann-metallbau.de\\\/Metallbau\\\/leistungen-reparaturen\\\/\"]}]},{\"@type\":\"ImageObject\",\"inLanguage\":\"de\",\"@id\":\"https:\\\/\\\/www.amann-metallbau.de\\\/Metallbau\\\/leistungen-reparaturen\\\/#primaryimage\",\"url\":\"https:\\\/\\\/www.amann-metallbau.de\\\/Metallbau\\\/wp-content\\\/uploads\\\/2017\\\/06\\\/header_rep.png\",\"contentUrl\":\"https:\\\/\\\/www.amann-metallbau.de\\\/Metallbau\\\/wp-content\\\/uploads\\\/2017\\\/06\\\/header_rep.png\",\"width\":2000,\"height\":683,\"caption\":\"Reparaturen\"},{\"@type\":\"BreadcrumbList\",\"@id\":\"https:\\\/\\\/www.amann-metallbau.de\\\/Metallbau\\\/leistungen-reparaturen\\\/#breadcrumb\",\"itemListElement\":[{\"@type\":\"ListItem\",\"position\":1,\"name\":\"Startseite\",\"item\":\"https:\\\/\\\/www.amann-metallbau.de\\\/Metallbau\\\/\"},{\"@type\":\"ListItem\",\"position\":2,\"name\":\"Leistungen &#8211; Reparaturen\"}]},{\"@type\":\"WebSite\",\"@id\":\"https:\\\/\\\/www.amann-metallbau.de\\\/Metallbau\\\/#website\",\"url\":\"https:\\\/\\\/www.amann-metallbau.de\\\/Metallbau\\\/\",\"name\":\"Amann Metallbau\",\"description\":\"Winterg\u00e4rten - Fenster, T\u00fcren &amp; Fassaden\",\"publisher\":{\"@id\":\"https:\\\/\\\/www.amann-metallbau.de\\\/Metallbau\\\/#organization\"},\"potentialAction\":[{\"@type\":\"SearchAction\",\"target\":{\"@type\":\"EntryPoint\",\"urlTemplate\":\"https:\\\/\\\/www.amann-metallbau.de\\\/Metallbau\\\/?s={search_term_string}\"},\"query-input\":{\"@type\":\"PropertyValueSpecification\",\"valueRequired\":true,\"valueName\":\"search_term_string\"}}],\"inLanguage\":\"de\"},{\"@type\":\"Organization\",\"@id\":\"https:\\\/\\\/www.amann-metallbau.de\\\/Metallbau\\\/#organization\",\"name\":\"Amann Metallbau Sinzheim\",\"url\":\"https:\\\/\\\/www.amann-metallbau.de\\\/Metallbau\\\/\",\"logo\":{\"@type\":\"ImageObject\",\"inLanguage\":\"de\",\"@id\":\"https:\\\/\\\/www.amann-metallbau.de\\\/Metallbau\\\/#\\\/schema\\\/logo\\\/image\\\/\",\"url\":\"https:\\\/\\\/www.amann-metallbau.de\\\/Metallbau\\\/wp-content\\\/uploads\\\/2017\\\/05\\\/logo.gif\",\"contentUrl\":\"https:\\\/\\\/www.amann-metallbau.de\\\/Metallbau\\\/wp-content\\\/uploads\\\/2017\\\/05\\\/logo.gif\",\"width\":39,\"height\":41,\"caption\":\"Amann Metallbau Sinzheim\"},\"image\":{\"@id\":\"https:\\\/\\\/www.amann-metallbau.de\\\/Metallbau\\\/#\\\/schema\\\/logo\\\/image\\\/\"}}]}<\/script>\n<!-- \/ Yoast SEO plugin. -->","yoast_head_json":{"title":"Reparaturen von Amann metallbau in Sinzheim","description":"Wir f\u00fchren zeitnah und zuverl\u00e4ssig die verschiedensten Reparaturen an Fenstern, T\u00fcren, Fassaden, Toren und vielem mehr durch.","robots":{"index":"index","follow":"follow","max-snippet":"max-snippet:-1","max-image-preview":"max-image-preview:large","max-video-preview":"max-video-preview:-1"},"canonical":"https:\/\/www.amann-metallbau.de\/Metallbau\/leistungen-reparaturen\/","og_locale":"de_DE","og_type":"article","og_title":"Reparaturen von Amann metallbau in Sinzheim","og_description":"Wir f\u00fchren zeitnah und zuverl\u00e4ssig die verschiedensten Reparaturen an Fenstern, T\u00fcren, Fassaden, Toren und vielem mehr durch.","og_url":"https:\/\/www.amann-metallbau.de\/Metallbau\/leistungen-reparaturen\/","og_site_name":"Amann Metallbau","article_modified_time":"2024-03-01T14:39:11+00:00","og_image":[{"url":"https:\/\/www.amann-metallbau.de\/Metallbau\/wp-content\/uploads\/2017\/06\/header_rep-1024x350.png","type":"","width":"","height":""}],"twitter_card":"summary_large_image","twitter_misc":{"Gesch\u00e4tzte Lesezeit":"2\u00a0Minuten"},"schema":{"@context":"https:\/\/schema.org","@graph":[{"@type":"WebPage","@id":"https:\/\/www.amann-metallbau.de\/Metallbau\/leistungen-reparaturen\/","url":"https:\/\/www.amann-metallbau.de\/Metallbau\/leistungen-reparaturen\/","name":"Reparaturen von Amann metallbau in Sinzheim","isPartOf":{"@id":"https:\/\/www.amann-metallbau.de\/Metallbau\/#website"},"primaryImageOfPage":{"@id":"https:\/\/www.amann-metallbau.de\/Metallbau\/leistungen-reparaturen\/#primaryimage"},"image":{"@id":"https:\/\/www.amann-metallbau.de\/Metallbau\/leistungen-reparaturen\/#primaryimage"},"thumbnailUrl":"https:\/\/www.amann-metallbau.de\/Metallbau\/wp-content\/uploads\/2017\/06\/header_rep-1024x350.png","datePublished":"2017-05-22T11:20:49+00:00","dateModified":"2024-03-01T14:39:11+00:00","description":"Wir f\u00fchren zeitnah und zuverl\u00e4ssig die verschiedensten Reparaturen an Fenstern, T\u00fcren, Fassaden, Toren und vielem mehr durch.","breadcrumb":{"@id":"https:\/\/www.amann-metallbau.de\/Metallbau\/leistungen-reparaturen\/#breadcrumb"},"inLanguage":"de","potentialAction":[{"@type":"ReadAction","target":["https:\/\/www.amann-metallbau.de\/Metallbau\/leistungen-reparaturen\/"]}]},{"@type":"ImageObject","inLanguage":"de","@id":"https:\/\/www.amann-metallbau.de\/Metallbau\/leistungen-reparaturen\/#primaryimage","url":"https:\/\/www.amann-metallbau.de\/Metallbau\/wp-content\/uploads\/2017\/06\/header_rep.png","contentUrl":"https:\/\/www.amann-metallbau.de\/Metallbau\/wp-content\/uploads\/2017\/06\/header_rep.png","width":2000,"height":683,"caption":"Reparaturen"},{"@type":"BreadcrumbList","@id":"https:\/\/www.amann-metallbau.de\/Metallbau\/leistungen-reparaturen\/#breadcrumb","itemListElement":[{"@type":"ListItem","position":1,"name":"Startseite","item":"https:\/\/www.amann-metallbau.de\/Metallbau\/"},{"@type":"ListItem","position":2,"name":"Leistungen &#8211; Reparaturen"}]},{"@type":"WebSite","@id":"https:\/\/www.amann-metallbau.de\/Metallbau\/#website","url":"https:\/\/www.amann-metallbau.de\/Metallbau\/","name":"Amann Metallbau","description":"Winterg\u00e4rten - Fenster, T\u00fcren &amp; Fassaden","publisher":{"@id":"https:\/\/www.amann-metallbau.de\/Metallbau\/#organization"},"potentialAction":[{"@type":"SearchAction","target":{"@type":"EntryPoint","urlTemplate":"https:\/\/www.amann-metallbau.de\/Metallbau\/?s={search_term_string}"},"query-input":{"@type":"PropertyValueSpecification","valueRequired":true,"valueName":"search_term_string"}}],"inLanguage":"de"},{"@type":"Organization","@id":"https:\/\/www.amann-metallbau.de\/Metallbau\/#organization","name":"Amann Metallbau Sinzheim","url":"https:\/\/www.amann-metallbau.de\/Metallbau\/","logo":{"@type":"ImageObject","inLanguage":"de","@id":"https:\/\/www.amann-metallbau.de\/Metallbau\/#\/schema\/logo\/image\/","url":"https:\/\/www.amann-metallbau.de\/Metallbau\/wp-content\/uploads\/2017\/05\/logo.gif","contentUrl":"https:\/\/www.amann-metallbau.de\/Metallbau\/wp-content\/uploads\/2017\/05\/logo.gif","width":39,"height":41,"caption":"Amann Metallbau Sinzheim"},"image":{"@id":"https:\/\/www.amann-metallbau.de\/Metallbau\/#\/schema\/logo\/image\/"}}]}},"builder_content":"<img src=\"https:\/\/www.amann-metallbau.de\/Metallbau\/wp-content\/uploads\/2017\/06\/header_rep-1024x350.png\" title=\"header_rep\" alt=\"Reparaturen\" srcset=\"https:\/\/www.amann-metallbau.de\/Metallbau\/wp-content\/uploads\/2017\/06\/header_rep-1024x350.png 1024w, https:\/\/www.amann-metallbau.de\/Metallbau\/wp-content\/uploads\/2017\/06\/header_rep-300x102.png 300w, https:\/\/www.amann-metallbau.de\/Metallbau\/wp-content\/uploads\/2017\/06\/header_rep-768x262.png 768w, https:\/\/www.amann-metallbau.de\/Metallbau\/wp-content\/uploads\/2017\/06\/header_rep.png 2000w\" sizes=\"(max-width: 1024px) 100vw, 1024px\" \/>\n<h2>Reparaturen<\/h2>\n<img src=\"https:\/\/www.amann-metallbau.de\/Metallbau\/wp-content\/uploads\/2017\/06\/rep2.png\" title=\"rep2\" alt=\"rep2\" srcset=\"https:\/\/www.amann-metallbau.de\/Metallbau\/wp-content\/uploads\/2017\/06\/rep2.png 386w, https:\/\/www.amann-metallbau.de\/Metallbau\/wp-content\/uploads\/2017\/06\/rep2-258x300.png 258w\" sizes=\"(max-width: 386px) 100vw, 386px\" \/>\n<p><img loading=\"lazy\" decoding=\"async\" src=\"https:\/\/www.amann-metallbau.de\/Metallbau\/wp-content\/uploads\/2017\/05\/reparaturen-300x225.jpg\" alt=\"\" width=\"300\" height=\"225\" srcset=\"https:\/\/www.amann-metallbau.de\/Metallbau\/wp-content\/uploads\/2017\/05\/reparaturen-300x225.jpg 300w, https:\/\/www.amann-metallbau.de\/Metallbau\/wp-content\/uploads\/2017\/05\/reparaturen.jpg 500w\" sizes=\"auto, (max-width: 300px) 100vw, 300px\" \/>Wir f\u00fchren zeitnah und zuverl\u00e4ssig die verschiedensten Reparaturen an Fenstern, T\u00fcren, Fassaden, Toren und vielem mehr \u00a0f\u00fcr \u00f6ffentliche Auftraggeber, Privat- und Gesch\u00e4ftskunden, Hausverwaltungen usw. durch.<\/p><p>Nicht selten sind kurzfristig aufgrund von Unf\u00e4llen, Vandalismus oder energetischer Sanierung grosse Scheiben von Schaufenstern oder Fassaden auszutauschen.<\/p><p>Hierbei k\u00f6nnen wir uns aufgrund der hohen Gewichte der notwendigen Hebeger\u00e4te bedienen.<\/p>","_links":{"self":[{"href":"https:\/\/www.amann-metallbau.de\/Metallbau\/wp-json\/wp\/v2\/pages\/267","targetHints":{"allow":["GET"]}}],"collection":[{"href":"https:\/\/www.amann-metallbau.de\/Metallbau\/wp-json\/wp\/v2\/pages"}],"about":[{"href":"https:\/\/www.amann-metallbau.de\/Metallbau\/wp-json\/wp\/v2\/types\/page"}],"author":[{"embeddable":true,"href":"https:\/\/www.amann-metallbau.de\/Metallbau\/wp-json\/wp\/v2\/users\/1"}],"replies":[{"embeddable":true,"href":"https:\/\/www.amann-metallbau.de\/Metallbau\/wp-json\/wp\/v2\/comments?post=267"}],"version-history":[{"count":10,"href":"https:\/\/www.amann-metallbau.de\/Metallbau\/wp-json\/wp\/v2\/pages\/267\/revisions"}],"predecessor-version":[{"id":496,"href":"https:\/\/www.amann-metallbau.de\/Metallbau\/wp-json\/wp\/v2\/pages\/267\/revisions\/496"}],"wp:attachment":[{"href":"https:\/\/www.amann-metallbau.de\/Metallbau\/wp-json\/wp\/v2\/media?parent=267"}],"curies":[{"name":"wp","href":"https:\/\/api.w.org\/{rel}","templated":true}]}}